{"id":94,"date":"2023-06-04T20:19:42","date_gmt":"2023-06-04T23:19:42","guid":{"rendered":"https:\/\/imperiodacultura.com.br\/?post_type=product&#038;p=94"},"modified":"2023-08-20T19:12:14","modified_gmt":"2023-08-20T22:12:14","slug":"poesias-que-tocam-o-coracao","status":"publish","type":"product","link":"https:\/\/imperiodacultura.com.br\/?product=poesias-que-tocam-o-coracao","title":{"rendered":"Poesias que Tocam o Cora\u00e7\u00e3o"},"content":{"rendered":"<p><strong>Poesias que Tocam o Cora\u00e7\u00e3o<\/strong>\u00a0vem\u00a0com 110 p\u00e1ginas de grandes poesias, de grande impacto no cora\u00e7\u00e3o, para todos os fins amorosos.<img fetchpriority=\"high\" decoding=\"async\" class=\"alignnone size-medium wp-image-95\" src=\"http:\/\/imperiodacultura-com-br.preview-domain.com\/wp-content\/uploads\/2023\/06\/poesias_que_tocam_o_cora_o-250x300.jpg\" alt=\"\" width=\"250\" height=\"300\" srcset=\"https:\/\/imperiodacultura.com.br\/wp-content\/uploads\/2023\/06\/poesias_que_tocam_o_cora_o-250x300.jpg 250w, https:\/\/imperiodacultura.com.br\/wp-content\/uploads\/2023\/06\/poesias_que_tocam_o_cora_o-300x360.jpg 300w, https:\/\/imperiodacultura.com.br\/wp-content\/uploads\/2023\/06\/poesias_que_tocam_o_cora_o.jpg 500w\" sizes=\"(max-width: 250px) 100vw, 250px\" \/><\/p>\n","protected":false},"excerpt":{"rendered":"<p>Poesias que Tocam o Cora\u00e7\u00e3o\u00a0vem\u00a0com 110 p\u00e1ginas de grandes poesias, de grande impacto no cora\u00e7\u00e3o, para todos os fins amorosos.<\/p>\n","protected":false},"featured_media":95,"comment_status":"open","ping_status":"closed","template":"","meta":[],"pwb-brand":[],"product_brand":[],"product_cat":[73],"product_tag":[22,50,51],"class_list":{"0":"post-94","1":"product","2":"type-product","3":"status-publish","4":"has-post-thumbnail","6":"product_cat-poesia","7":"product_tag-amor","8":"product_tag-poesia","9":"product_tag-romance","11":"first","12":"instock","13":"shipping-taxable","14":"purchasable","15":"product-type-simple"},"jetpack_sharing_enabled":true,"brands":[],"_links":{"self":[{"href":"https:\/\/imperiodacultura.com.br\/index.php?rest_route=\/wp\/v2\/product\/94","targetHints":{"allow":["GET"]}}],"collection":[{"href":"https:\/\/imperiodacultura.com.br\/index.php?rest_route=\/wp\/v2\/product"}],"about":[{"href":"https:\/\/imperiodacultura.com.br\/index.php?rest_route=\/wp\/v2\/types\/product"}],"replies":[{"embeddable":true,"href":"https:\/\/imperiodacultura.com.br\/index.php?rest_route=%2Fwp%2Fv2%2Fcomments&post=94"}],"version-history":[{"count":1,"href":"https:\/\/imperiodacultura.com.br\/index.php?rest_route=\/wp\/v2\/product\/94\/revisions"}],"predecessor-version":[{"id":255,"href":"https:\/\/imperiodacultura.com.br\/index.php?rest_route=\/wp\/v2\/product\/94\/revisions\/255"}],"wp:featuredmedia":[{"embeddable":true,"href":"https:\/\/imperiodacultura.com.br\/index.php?rest_route=\/wp\/v2\/media\/95"}],"wp:attachment":[{"href":"https:\/\/imperiodacultura.com.br\/index.php?rest_route=%2Fwp%2Fv2%2Fmedia&parent=94"}],"wp:term":[{"taxonomy":"pwb-brand","embeddable":true,"href":"https:\/\/imperiodacultura.com.br\/index.php?rest_route=%2Fwp%2Fv2%2Fpwb-brand&post=94"},{"taxonomy":"product_brand","embeddable":true,"href":"https:\/\/imperiodacultura.com.br\/index.php?rest_route=%2Fwp%2Fv2%2Fproduct_brand&post=94"},{"taxonomy":"product_cat","embeddable":true,"href":"https:\/\/imperiodacultura.com.br\/index.php?rest_route=%2Fwp%2Fv2%2Fproduct_cat&post=94"},{"taxonomy":"product_tag","embeddable":true,"href":"https:\/\/imperiodacultura.com.br\/index.php?rest_route=%2Fwp%2Fv2%2Fproduct_tag&post=94"}],"curies":[{"name":"wp","href":"https:\/\/api.w.org\/{rel}","templated":true}]}}