{"id":92,"date":"2023-06-04T20:15:59","date_gmt":"2023-06-04T23:15:59","guid":{"rendered":"https:\/\/imperiodacultura.com.br\/?post_type=product&#038;p=92"},"modified":"2026-01-07T16:26:07","modified_gmt":"2026-01-07T19:26:07","slug":"oracoes-e-preces-para-todos-os-fins","status":"publish","type":"product","link":"https:\/\/imperiodacultura.com.br\/?product=oracoes-e-preces-para-todos-os-fins","title":{"rendered":"Ora\u00e7\u00f5es e Preces para todos os Fins"},"content":{"rendered":"<p><strong><span style=\"vertical-align: inherit;\"><span style=\"vertical-align: inherit;\">Ora\u00e7\u00f5es e Preces para Todos os Fins\u00a0<\/span><\/span><\/strong><span style=\"vertical-align: inherit;\"><span style=\"vertical-align: inherit;\"> re\u00fane uma cole\u00e7\u00e3o com mais de 100 ora\u00e7\u00f5es, incluindo preces dirigidas a santos cat\u00f3licos e preces esp\u00edritas.<\/span><\/span><img fetchpriority=\"high\" decoding=\"async\" class=\"alignnone size-medium wp-image-93\" src=\"http:\/\/imperiodacultura.com.br\/wp-content\/uploads\/2023\/06\/ora_es_e_preces_para_todos_os_fins-250x300.jpg\" alt=\"\" width=\"250\" height=\"300\" srcset=\"https:\/\/imperiodacultura.com.br\/wp-content\/uploads\/2023\/06\/ora_es_e_preces_para_todos_os_fins-250x300.jpg 250w, https:\/\/imperiodacultura.com.br\/wp-content\/uploads\/2023\/06\/ora_es_e_preces_para_todos_os_fins-300x360.jpg 300w, https:\/\/imperiodacultura.com.br\/wp-content\/uploads\/2023\/06\/ora_es_e_preces_para_todos_os_fins.jpg 500w\" sizes=\"(max-width: 250px) 100vw, 250px\" \/><\/p>\n","protected":false},"excerpt":{"rendered":"<p>Ora\u00e7\u00f5es e Preces para Todos os Fins\u00a0 re\u00fane uma cole\u00e7\u00e3o com mais de 100 ora\u00e7\u00f5es, incluindo preces dirigidas a santos cat\u00f3licos e preces esp\u00edritas.<\/p>\n","protected":false},"featured_media":93,"comment_status":"open","ping_status":"closed","template":"","meta":[],"pwb-brand":[],"product_brand":[],"product_cat":[70],"product_tag":[40,24,41],"class_list":{"0":"post-92","1":"product","2":"type-product","3":"status-publish","4":"has-post-thumbnail","6":"product_cat-candomble","7":"product_tag-oracoes","8":"product_tag-orixas","9":"product_tag-preces","11":"first","12":"instock","13":"sale","14":"shipping-taxable","15":"purchasable","16":"product-type-simple"},"jetpack_sharing_enabled":true,"brands":[],"_links":{"self":[{"href":"https:\/\/imperiodacultura.com.br\/index.php?rest_route=\/wp\/v2\/product\/92","targetHints":{"allow":["GET"]}}],"collection":[{"href":"https:\/\/imperiodacultura.com.br\/index.php?rest_route=\/wp\/v2\/product"}],"about":[{"href":"https:\/\/imperiodacultura.com.br\/index.php?rest_route=\/wp\/v2\/types\/product"}],"replies":[{"embeddable":true,"href":"https:\/\/imperiodacultura.com.br\/index.php?rest_route=%2Fwp%2Fv2%2Fcomments&post=92"}],"version-history":[{"count":2,"href":"https:\/\/imperiodacultura.com.br\/index.php?rest_route=\/wp\/v2\/product\/92\/revisions"}],"predecessor-version":[{"id":281,"href":"https:\/\/imperiodacultura.com.br\/index.php?rest_route=\/wp\/v2\/product\/92\/revisions\/281"}],"wp:featuredmedia":[{"embeddable":true,"href":"https:\/\/imperiodacultura.com.br\/index.php?rest_route=\/wp\/v2\/media\/93"}],"wp:attachment":[{"href":"https:\/\/imperiodacultura.com.br\/index.php?rest_route=%2Fwp%2Fv2%2Fmedia&parent=92"}],"wp:term":[{"taxonomy":"pwb-brand","embeddable":true,"href":"https:\/\/imperiodacultura.com.br\/index.php?rest_route=%2Fwp%2Fv2%2Fpwb-brand&post=92"},{"taxonomy":"product_brand","embeddable":true,"href":"https:\/\/imperiodacultura.com.br\/index.php?rest_route=%2Fwp%2Fv2%2Fproduct_brand&post=92"},{"taxonomy":"product_cat","embeddable":true,"href":"https:\/\/imperiodacultura.com.br\/index.php?rest_route=%2Fwp%2Fv2%2Fproduct_cat&post=92"},{"taxonomy":"product_tag","embeddable":true,"href":"https:\/\/imperiodacultura.com.br\/index.php?rest_route=%2Fwp%2Fv2%2Fproduct_tag&post=92"}],"curies":[{"name":"wp","href":"https:\/\/api.w.org\/{rel}","templated":true}]}}