{"id":86,"date":"2023-06-04T19:32:28","date_gmt":"2023-06-04T22:32:28","guid":{"rendered":"https:\/\/imperiodacultura.com.br\/?post_type=product&#038;p=86"},"modified":"2026-01-07T16:27:55","modified_gmt":"2026-01-07T19:27:55","slug":"salve-sao-jorge-e-ogum","status":"publish","type":"product","link":"https:\/\/imperiodacultura.com.br\/?product=salve-sao-jorge-e-ogum","title":{"rendered":"Salve S\u00e3o Jorge e Ogum"},"content":{"rendered":"<p><strong><span style=\"vertical-align: inherit;\"><span style=\"vertical-align: inherit;\">Salve S\u00e3o Jorge e Ogum<\/span><\/span><\/strong><span style=\"vertical-align: inherit;\"><span style=\"vertical-align: inherit;\"> \u00a0revela um document\u00e1rio sobre Santo Cat\u00f3lico S\u00e3o Jorge e o Orix\u00e1 Ogum, suas hist\u00f3rias, ora\u00e7\u00f5es, lendas, mitologias, a origem do sincretismo, sua import\u00e2ncia na cultura popular do Brasil, da Europa e da \u00c1frica.<\/span><\/span><img fetchpriority=\"high\" decoding=\"async\" class=\"alignnone size-medium wp-image-87\" src=\"http:\/\/imperiodacultura-com-br.preview-domain.com\/wp-content\/uploads\/2023\/06\/56997662_1499165013552377_4320751732729577472_n-250x300.jpg\" alt=\"\" width=\"250\" height=\"300\" srcset=\"https:\/\/imperiodacultura.com.br\/wp-content\/uploads\/2023\/06\/56997662_1499165013552377_4320751732729577472_n-250x300.jpg 250w, https:\/\/imperiodacultura.com.br\/wp-content\/uploads\/2023\/06\/56997662_1499165013552377_4320751732729577472_n-300x360.jpg 300w, https:\/\/imperiodacultura.com.br\/wp-content\/uploads\/2023\/06\/56997662_1499165013552377_4320751732729577472_n.jpg 500w\" sizes=\"(max-width: 250px) 100vw, 250px\" \/><\/p>\n","protected":false},"excerpt":{"rendered":"<p>Salve S\u00e3o Jorge e Ogum \u00a0revela um document\u00e1rio sobre Santo Cat\u00f3lico S\u00e3o Jorge e o Orix\u00e1 Ogum, suas hist\u00f3rias, ora\u00e7\u00f5es, lendas, mitologias, a origem do sincretismo, sua import\u00e2ncia na cultura popular do Brasil, da Europa e da \u00c1frica.<\/p>\n","protected":false},"featured_media":87,"comment_status":"open","ping_status":"closed","template":"","meta":[],"pwb-brand":[],"product_brand":[],"product_cat":[70],"product_tag":[22,18,29,25],"class_list":{"0":"post-86","1":"product","2":"type-product","3":"status-publish","4":"has-post-thumbnail","6":"product_cat-candomble","7":"product_tag-amor","8":"product_tag-candomble","9":"product_tag-exu-orixas","10":"product_tag-umbanda","12":"first","13":"instock","14":"shipping-taxable","15":"purchasable","16":"product-type-simple"},"jetpack_sharing_enabled":true,"brands":[],"_links":{"self":[{"href":"https:\/\/imperiodacultura.com.br\/index.php?rest_route=\/wp\/v2\/product\/86","targetHints":{"allow":["GET"]}}],"collection":[{"href":"https:\/\/imperiodacultura.com.br\/index.php?rest_route=\/wp\/v2\/product"}],"about":[{"href":"https:\/\/imperiodacultura.com.br\/index.php?rest_route=\/wp\/v2\/types\/product"}],"replies":[{"embeddable":true,"href":"https:\/\/imperiodacultura.com.br\/index.php?rest_route=%2Fwp%2Fv2%2Fcomments&post=86"}],"version-history":[{"count":2,"href":"https:\/\/imperiodacultura.com.br\/index.php?rest_route=\/wp\/v2\/product\/86\/revisions"}],"predecessor-version":[{"id":302,"href":"https:\/\/imperiodacultura.com.br\/index.php?rest_route=\/wp\/v2\/product\/86\/revisions\/302"}],"wp:featuredmedia":[{"embeddable":true,"href":"https:\/\/imperiodacultura.com.br\/index.php?rest_route=\/wp\/v2\/media\/87"}],"wp:attachment":[{"href":"https:\/\/imperiodacultura.com.br\/index.php?rest_route=%2Fwp%2Fv2%2Fmedia&parent=86"}],"wp:term":[{"taxonomy":"pwb-brand","embeddable":true,"href":"https:\/\/imperiodacultura.com.br\/index.php?rest_route=%2Fwp%2Fv2%2Fpwb-brand&post=86"},{"taxonomy":"product_brand","embeddable":true,"href":"https:\/\/imperiodacultura.com.br\/index.php?rest_route=%2Fwp%2Fv2%2Fproduct_brand&post=86"},{"taxonomy":"product_cat","embeddable":true,"href":"https:\/\/imperiodacultura.com.br\/index.php?rest_route=%2Fwp%2Fv2%2Fproduct_cat&post=86"},{"taxonomy":"product_tag","embeddable":true,"href":"https:\/\/imperiodacultura.com.br\/index.php?rest_route=%2Fwp%2Fv2%2Fproduct_tag&post=86"}],"curies":[{"name":"wp","href":"https:\/\/api.w.org\/{rel}","templated":true}]}}