{"id":84,"date":"2023-06-04T19:29:22","date_gmt":"2023-06-04T22:29:22","guid":{"rendered":"https:\/\/imperiodacultura.com.br\/?post_type=product&#038;p=84"},"modified":"2026-01-07T16:28:56","modified_gmt":"2026-01-07T19:28:56","slug":"os-orixas-e-suas-qualidades","status":"publish","type":"product","link":"https:\/\/imperiodacultura.com.br\/?product=os-orixas-e-suas-qualidades","title":{"rendered":"Os Orix\u00e1s e suas Qualidades"},"content":{"rendered":"<section id=\"descricao\" class=\"panel panel-default\">\n<div class=\"panel-body text-left\">\n<p><strong><span style=\"vertical-align: inherit;\"><span style=\"vertical-align: inherit;\"><span style=\"vertical-align: inherit;\"><span style=\"vertical-align: inherit;\">Os Orix\u00e1s e suas Qualidades<\/span><\/span><\/span><\/span><\/strong><span style=\"vertical-align: inherit;\"><span style=\"vertical-align: inherit;\"><span style=\"vertical-align: inherit;\"><span style=\"vertical-align: inherit;\"> \u00a0\u00e9 um livro que constitui uma verdadeira chave de conhecimentos e esclarecimentos que ensina a entender as diferen\u00e7as de comportamento de pessoas que possuem o mesmo Orix\u00e1 de cabe\u00e7a e possuem comportamentos diferenciados, apenas pela diferen\u00e7a de qualidade de cada Orix\u00e1.<\/span><\/span><\/span><\/span><\/p>\n<p><img fetchpriority=\"high\" decoding=\"async\" class=\"alignnone size-medium wp-image-85\" src=\"http:\/\/imperiodacultura-com-br.preview-domain.com\/wp-content\/uploads\/2023\/06\/15027503_888493204619564_8345246963158537707_n-250x300.jpg\" alt=\"\" width=\"250\" height=\"300\" srcset=\"https:\/\/imperiodacultura.com.br\/wp-content\/uploads\/2023\/06\/15027503_888493204619564_8345246963158537707_n-250x300.jpg 250w, https:\/\/imperiodacultura.com.br\/wp-content\/uploads\/2023\/06\/15027503_888493204619564_8345246963158537707_n-300x360.jpg 300w, https:\/\/imperiodacultura.com.br\/wp-content\/uploads\/2023\/06\/15027503_888493204619564_8345246963158537707_n.jpg 500w\" sizes=\"(max-width: 250px) 100vw, 250px\" \/><\/p>\n<\/div>\n<\/section>\n","protected":false},"excerpt":{"rendered":"<p>Os Orix\u00e1s e suas Qualidades \u00a0\u00e9 um livro que constitui uma verdadeira chave de conhecimentos e esclarecimentos que ensina a entender as diferen\u00e7as de comportamento de pessoas que possuem o mesmo Orix\u00e1 de cabe\u00e7a e possuem comportamentos diferenciados, apenas pela diferen\u00e7a de qualidade de cada Orix\u00e1.<\/p>\n","protected":false},"featured_media":85,"comment_status":"open","ping_status":"closed","template":"","meta":[],"pwb-brand":[],"product_brand":[],"product_cat":[70],"product_tag":[22,18,29,25],"class_list":{"0":"post-84","1":"product","2":"type-product","3":"status-publish","4":"has-post-thumbnail","6":"product_cat-candomble","7":"product_tag-amor","8":"product_tag-candomble","9":"product_tag-exu-orixas","10":"product_tag-umbanda","12":"first","13":"instock","14":"sale","15":"shipping-taxable","16":"purchasable","17":"product-type-simple"},"jetpack_sharing_enabled":true,"brands":[],"_links":{"self":[{"href":"https:\/\/imperiodacultura.com.br\/index.php?rest_route=\/wp\/v2\/product\/84","targetHints":{"allow":["GET"]}}],"collection":[{"href":"https:\/\/imperiodacultura.com.br\/index.php?rest_route=\/wp\/v2\/product"}],"about":[{"href":"https:\/\/imperiodacultura.com.br\/index.php?rest_route=\/wp\/v2\/types\/product"}],"replies":[{"embeddable":true,"href":"https:\/\/imperiodacultura.com.br\/index.php?rest_route=%2Fwp%2Fv2%2Fcomments&post=84"}],"version-history":[{"count":3,"href":"https:\/\/imperiodacultura.com.br\/index.php?rest_route=\/wp\/v2\/product\/84\/revisions"}],"predecessor-version":[{"id":298,"href":"https:\/\/imperiodacultura.com.br\/index.php?rest_route=\/wp\/v2\/product\/84\/revisions\/298"}],"wp:featuredmedia":[{"embeddable":true,"href":"https:\/\/imperiodacultura.com.br\/index.php?rest_route=\/wp\/v2\/media\/85"}],"wp:attachment":[{"href":"https:\/\/imperiodacultura.com.br\/index.php?rest_route=%2Fwp%2Fv2%2Fmedia&parent=84"}],"wp:term":[{"taxonomy":"pwb-brand","embeddable":true,"href":"https:\/\/imperiodacultura.com.br\/index.php?rest_route=%2Fwp%2Fv2%2Fpwb-brand&post=84"},{"taxonomy":"product_brand","embeddable":true,"href":"https:\/\/imperiodacultura.com.br\/index.php?rest_route=%2Fwp%2Fv2%2Fproduct_brand&post=84"},{"taxonomy":"product_cat","embeddable":true,"href":"https:\/\/imperiodacultura.com.br\/index.php?rest_route=%2Fwp%2Fv2%2Fproduct_cat&post=84"},{"taxonomy":"product_tag","embeddable":true,"href":"https:\/\/imperiodacultura.com.br\/index.php?rest_route=%2Fwp%2Fv2%2Fproduct_tag&post=84"}],"curies":[{"name":"wp","href":"https:\/\/api.w.org\/{rel}","templated":true}]}}