{"id":82,"date":"2023-06-04T19:26:10","date_gmt":"2023-06-04T22:26:10","guid":{"rendered":"https:\/\/imperiodacultura.com.br\/?post_type=product&#038;p=82"},"modified":"2026-01-07T16:29:25","modified_gmt":"2026-01-07T19:29:25","slug":"oracoes-e-preces-aos-orixas","status":"publish","type":"product","link":"https:\/\/imperiodacultura.com.br\/?product=oracoes-e-preces-aos-orixas","title":{"rendered":"Ora\u00e7\u00f5es e Preces aos Orix\u00e1s"},"content":{"rendered":"<p><img fetchpriority=\"high\" decoding=\"async\" class=\"alignnone size-medium wp-image-83\" src=\"http:\/\/imperiodacultura-com-br.preview-domain.com\/wp-content\/uploads\/2023\/06\/29542591_1203672389768309_4917945070868625204_n-250x300.jpg\" alt=\"\" width=\"250\" height=\"300\" srcset=\"https:\/\/imperiodacultura.com.br\/wp-content\/uploads\/2023\/06\/29542591_1203672389768309_4917945070868625204_n-250x300.jpg 250w, https:\/\/imperiodacultura.com.br\/wp-content\/uploads\/2023\/06\/29542591_1203672389768309_4917945070868625204_n-300x360.jpg 300w, https:\/\/imperiodacultura.com.br\/wp-content\/uploads\/2023\/06\/29542591_1203672389768309_4917945070868625204_n.jpg 500w\" sizes=\"(max-width: 250px) 100vw, 250px\" \/><span style=\"vertical-align: inherit;\"><span style=\"vertical-align: inherit;\">re\u00fane mais de 100 ora\u00e7\u00f5es e preces a todos os orix\u00e1s, para o seu exerc\u00edcio da f\u00e9 e amor aos Deuses, atrav\u00e9s de belas Ora\u00e7\u00f5es! As mais lindas preces aos orix\u00e1s, escritas em portugu\u00eas!<\/span><\/span><\/p>\n","protected":false},"excerpt":{"rendered":"<p>re\u00fane mais de 100 ora\u00e7\u00f5es e preces a todos os orix\u00e1s, para o seu exerc\u00edcio da f\u00e9 e amor aos Deuses, atrav\u00e9s de belas Ora\u00e7\u00f5es! As mais lindas preces aos orix\u00e1s, escritas em portugu\u00eas!<\/p>\n","protected":false},"featured_media":83,"comment_status":"open","ping_status":"closed","template":"","meta":[],"pwb-brand":[],"product_brand":[],"product_cat":[70],"product_tag":[40,24,41],"class_list":{"0":"post-82","1":"product","2":"type-product","3":"status-publish","4":"has-post-thumbnail","6":"product_cat-candomble","7":"product_tag-oracoes","8":"product_tag-orixas","9":"product_tag-preces","11":"first","12":"instock","13":"sale","14":"shipping-taxable","15":"purchasable","16":"product-type-simple"},"jetpack_sharing_enabled":true,"brands":[],"_links":{"self":[{"href":"https:\/\/imperiodacultura.com.br\/index.php?rest_route=\/wp\/v2\/product\/82","targetHints":{"allow":["GET"]}}],"collection":[{"href":"https:\/\/imperiodacultura.com.br\/index.php?rest_route=\/wp\/v2\/product"}],"about":[{"href":"https:\/\/imperiodacultura.com.br\/index.php?rest_route=\/wp\/v2\/types\/product"}],"replies":[{"embeddable":true,"href":"https:\/\/imperiodacultura.com.br\/index.php?rest_route=%2Fwp%2Fv2%2Fcomments&post=82"}],"version-history":[{"count":2,"href":"https:\/\/imperiodacultura.com.br\/index.php?rest_route=\/wp\/v2\/product\/82\/revisions"}],"predecessor-version":[{"id":283,"href":"https:\/\/imperiodacultura.com.br\/index.php?rest_route=\/wp\/v2\/product\/82\/revisions\/283"}],"wp:featuredmedia":[{"embeddable":true,"href":"https:\/\/imperiodacultura.com.br\/index.php?rest_route=\/wp\/v2\/media\/83"}],"wp:attachment":[{"href":"https:\/\/imperiodacultura.com.br\/index.php?rest_route=%2Fwp%2Fv2%2Fmedia&parent=82"}],"wp:term":[{"taxonomy":"pwb-brand","embeddable":true,"href":"https:\/\/imperiodacultura.com.br\/index.php?rest_route=%2Fwp%2Fv2%2Fpwb-brand&post=82"},{"taxonomy":"product_brand","embeddable":true,"href":"https:\/\/imperiodacultura.com.br\/index.php?rest_route=%2Fwp%2Fv2%2Fproduct_brand&post=82"},{"taxonomy":"product_cat","embeddable":true,"href":"https:\/\/imperiodacultura.com.br\/index.php?rest_route=%2Fwp%2Fv2%2Fproduct_cat&post=82"},{"taxonomy":"product_tag","embeddable":true,"href":"https:\/\/imperiodacultura.com.br\/index.php?rest_route=%2Fwp%2Fv2%2Fproduct_tag&post=82"}],"curies":[{"name":"wp","href":"https:\/\/api.w.org\/{rel}","templated":true}]}}