{"id":75,"date":"2023-06-04T19:13:17","date_gmt":"2023-06-04T22:13:17","guid":{"rendered":"https:\/\/imperiodacultura.com.br\/?post_type=product&#038;p=75"},"modified":"2026-01-07T16:31:38","modified_gmt":"2026-01-07T19:31:38","slug":"jogo-de-buzios-de-odus","status":"publish","type":"product","link":"https:\/\/imperiodacultura.com.br\/?product=jogo-de-buzios-de-odus","title":{"rendered":"Jogo de B\u00fazios de Od\u00fas"},"content":{"rendered":"<p><span style=\"vertical-align: inherit;\"><span style=\"vertical-align: inherit;\"><span style=\"vertical-align: inherit;\"><span style=\"vertical-align: inherit;\">O livro\u00a0 <\/span><\/span><\/span><\/span><strong><span style=\"vertical-align: inherit;\"><span style=\"vertical-align: inherit;\"><span style=\"vertical-align: inherit;\"><span style=\"vertical-align: inherit;\">Jogo de B\u00fazios de Od\u00fas<\/span><\/span><\/span><\/span><\/strong><span style=\"vertical-align: inherit;\"><span style=\"vertical-align: inherit;\"><span style=\"vertical-align: inherit;\"><span style=\"vertical-align: inherit;\"> \u00a0revela os nomes dos od\u00fas, orix\u00e1s que respondem para cada od\u00fa, especificamente de cada queda dos b\u00fazios, rezas, banhos, assentamento do exu do jogo, prepara\u00e7\u00e3o do jogo de ob\u00ed e muito mais.<\/span><\/span><\/span><\/span><img fetchpriority=\"high\" decoding=\"async\" class=\"alignnone size-medium wp-image-77\" src=\"http:\/\/imperiodacultura-com-br.preview-domain.com\/wp-content\/uploads\/2023\/06\/15073393_891084901027061_911709547504573679_n-250x300.jpg\" alt=\"\" width=\"250\" height=\"300\" srcset=\"https:\/\/imperiodacultura.com.br\/wp-content\/uploads\/2023\/06\/15073393_891084901027061_911709547504573679_n-250x300.jpg 250w, https:\/\/imperiodacultura.com.br\/wp-content\/uploads\/2023\/06\/15073393_891084901027061_911709547504573679_n-300x360.jpg 300w, https:\/\/imperiodacultura.com.br\/wp-content\/uploads\/2023\/06\/15073393_891084901027061_911709547504573679_n.jpg 500w\" sizes=\"(max-width: 250px) 100vw, 250px\" \/><\/p>\n","protected":false},"excerpt":{"rendered":"<p>O livro\u00a0 Jogo de B\u00fazios de Od\u00fas \u00a0revela os nomes dos od\u00fas, orix\u00e1s que respondem para cada od\u00fa, especificamente de cada queda dos b\u00fazios, rezas, banhos, assentamento do exu do jogo, prepara\u00e7\u00e3o do jogo de ob\u00ed e muito mais.<\/p>\n","protected":false},"featured_media":77,"comment_status":"open","ping_status":"closed","template":"","meta":[],"pwb-brand":[],"product_brand":[],"product_cat":[71],"product_tag":[22,36,18,34,29,28,35,27,30,23,20,25,32,33],"class_list":{"0":"post-75","1":"product","2":"type-product","3":"status-publish","4":"has-post-thumbnail","6":"product_cat-odus","7":"product_tag-amor","8":"product_tag-buzios","9":"product_tag-candomble","10":"product_tag-dinheiro","11":"product_tag-exu-orixas","12":"product_tag-feiticos","13":"product_tag-magias","14":"product_tag-odus","15":"product_tag-rezas","16":"product_tag-saude","17":"product_tag-trabalho","18":"product_tag-umbanda","19":"product_tag-uniao","20":"product_tag-yoruba","22":"first","23":"instock","24":"sale","25":"shipping-taxable","26":"purchasable","27":"product-type-simple"},"jetpack_sharing_enabled":true,"brands":[],"_links":{"self":[{"href":"https:\/\/imperiodacultura.com.br\/index.php?rest_route=\/wp\/v2\/product\/75","targetHints":{"allow":["GET"]}}],"collection":[{"href":"https:\/\/imperiodacultura.com.br\/index.php?rest_route=\/wp\/v2\/product"}],"about":[{"href":"https:\/\/imperiodacultura.com.br\/index.php?rest_route=\/wp\/v2\/types\/product"}],"replies":[{"embeddable":true,"href":"https:\/\/imperiodacultura.com.br\/index.php?rest_route=%2Fwp%2Fv2%2Fcomments&post=75"}],"version-history":[{"count":4,"href":"https:\/\/imperiodacultura.com.br\/index.php?rest_route=\/wp\/v2\/product\/75\/revisions"}],"predecessor-version":[{"id":303,"href":"https:\/\/imperiodacultura.com.br\/index.php?rest_route=\/wp\/v2\/product\/75\/revisions\/303"}],"wp:featuredmedia":[{"embeddable":true,"href":"https:\/\/imperiodacultura.com.br\/index.php?rest_route=\/wp\/v2\/media\/77"}],"wp:attachment":[{"href":"https:\/\/imperiodacultura.com.br\/index.php?rest_route=%2Fwp%2Fv2%2Fmedia&parent=75"}],"wp:term":[{"taxonomy":"pwb-brand","embeddable":true,"href":"https:\/\/imperiodacultura.com.br\/index.php?rest_route=%2Fwp%2Fv2%2Fpwb-brand&post=75"},{"taxonomy":"product_brand","embeddable":true,"href":"https:\/\/imperiodacultura.com.br\/index.php?rest_route=%2Fwp%2Fv2%2Fproduct_brand&post=75"},{"taxonomy":"product_cat","embeddable":true,"href":"https:\/\/imperiodacultura.com.br\/index.php?rest_route=%2Fwp%2Fv2%2Fproduct_cat&post=75"},{"taxonomy":"product_tag","embeddable":true,"href":"https:\/\/imperiodacultura.com.br\/index.php?rest_route=%2Fwp%2Fv2%2Fproduct_tag&post=75"}],"curies":[{"name":"wp","href":"https:\/\/api.w.org\/{rel}","templated":true}]}}