{"id":73,"date":"2023-06-04T19:10:13","date_gmt":"2023-06-04T22:10:13","guid":{"rendered":"https:\/\/imperiodacultura.com.br\/?post_type=product&#038;p=73"},"modified":"2026-01-07T16:32:01","modified_gmt":"2026-01-07T19:32:01","slug":"oferendas-nos-encantos-de-odus","status":"publish","type":"product","link":"https:\/\/imperiodacultura.com.br\/?product=oferendas-nos-encantos-de-odus","title":{"rendered":"Oferendas nos Encantos de Od\u00fas"},"content":{"rendered":"<p><strong><span style=\"vertical-align: inherit;\"><span style=\"vertical-align: inherit;\"><span style=\"vertical-align: inherit;\"><span style=\"vertical-align: inherit;\">Oferendas nos encantos de od\u00fas<\/span><\/span><\/span><\/span><\/strong><span style=\"vertical-align: inherit;\"><span style=\"vertical-align: inherit;\"><span style=\"vertical-align: inherit;\"><span style=\"vertical-align: inherit;\"> \u00a0ensinam mais de 150 receitas de oferendas para odus, para que voc\u00ea consiga suas realiza\u00e7\u00f5es atrav\u00e9s dos od\u00fas! Todas as receitas v\u00eam com a rela\u00e7\u00e3o do material necess\u00e1rio e a maneira detalhada de preparo.<\/span><\/span><\/span><\/span><img fetchpriority=\"high\" decoding=\"async\" class=\"alignnone size-medium wp-image-74\" src=\"http:\/\/imperiodacultura-com-br.preview-domain.com\/wp-content\/uploads\/2023\/06\/15027969_889790927823125_4019438860789076273_n-250x300.jpg\" alt=\"\" width=\"250\" height=\"300\" srcset=\"https:\/\/imperiodacultura.com.br\/wp-content\/uploads\/2023\/06\/15027969_889790927823125_4019438860789076273_n-250x300.jpg 250w, https:\/\/imperiodacultura.com.br\/wp-content\/uploads\/2023\/06\/15027969_889790927823125_4019438860789076273_n-300x360.jpg 300w, https:\/\/imperiodacultura.com.br\/wp-content\/uploads\/2023\/06\/15027969_889790927823125_4019438860789076273_n.jpg 500w\" sizes=\"(max-width: 250px) 100vw, 250px\" \/><\/p>\n","protected":false},"excerpt":{"rendered":"<p>Oferendas nos encantos de od\u00fas \u00a0ensinam mais de 150 receitas de oferendas para odus, para que voc\u00ea consiga suas realiza\u00e7\u00f5es atrav\u00e9s dos od\u00fas! Todas as receitas v\u00eam com a rela\u00e7\u00e3o do material necess\u00e1rio e a maneira detalhada de preparo.<\/p>\n","protected":false},"featured_media":74,"comment_status":"open","ping_status":"closed","template":"","meta":[],"pwb-brand":[],"product_brand":[],"product_cat":[71],"product_tag":[22,18,34,29,28,35,27,30,23,20,25,32,33],"class_list":{"0":"post-73","1":"product","2":"type-product","3":"status-publish","4":"has-post-thumbnail","6":"product_cat-odus","7":"product_tag-amor","8":"product_tag-candomble","9":"product_tag-dinheiro","10":"product_tag-exu-orixas","11":"product_tag-feiticos","12":"product_tag-magias","13":"product_tag-odus","14":"product_tag-rezas","15":"product_tag-saude","16":"product_tag-trabalho","17":"product_tag-umbanda","18":"product_tag-uniao","19":"product_tag-yoruba","21":"first","22":"instock","23":"sale","24":"shipping-taxable","25":"purchasable","26":"product-type-simple"},"jetpack_sharing_enabled":true,"brands":[],"_links":{"self":[{"href":"https:\/\/imperiodacultura.com.br\/index.php?rest_route=\/wp\/v2\/product\/73","targetHints":{"allow":["GET"]}}],"collection":[{"href":"https:\/\/imperiodacultura.com.br\/index.php?rest_route=\/wp\/v2\/product"}],"about":[{"href":"https:\/\/imperiodacultura.com.br\/index.php?rest_route=\/wp\/v2\/types\/product"}],"replies":[{"embeddable":true,"href":"https:\/\/imperiodacultura.com.br\/index.php?rest_route=%2Fwp%2Fv2%2Fcomments&post=73"}],"version-history":[{"count":3,"href":"https:\/\/imperiodacultura.com.br\/index.php?rest_route=\/wp\/v2\/product\/73\/revisions"}],"predecessor-version":[{"id":304,"href":"https:\/\/imperiodacultura.com.br\/index.php?rest_route=\/wp\/v2\/product\/73\/revisions\/304"}],"wp:featuredmedia":[{"embeddable":true,"href":"https:\/\/imperiodacultura.com.br\/index.php?rest_route=\/wp\/v2\/media\/74"}],"wp:attachment":[{"href":"https:\/\/imperiodacultura.com.br\/index.php?rest_route=%2Fwp%2Fv2%2Fmedia&parent=73"}],"wp:term":[{"taxonomy":"pwb-brand","embeddable":true,"href":"https:\/\/imperiodacultura.com.br\/index.php?rest_route=%2Fwp%2Fv2%2Fpwb-brand&post=73"},{"taxonomy":"product_brand","embeddable":true,"href":"https:\/\/imperiodacultura.com.br\/index.php?rest_route=%2Fwp%2Fv2%2Fproduct_brand&post=73"},{"taxonomy":"product_cat","embeddable":true,"href":"https:\/\/imperiodacultura.com.br\/index.php?rest_route=%2Fwp%2Fv2%2Fproduct_cat&post=73"},{"taxonomy":"product_tag","embeddable":true,"href":"https:\/\/imperiodacultura.com.br\/index.php?rest_route=%2Fwp%2Fv2%2Fproduct_tag&post=73"}],"curies":[{"name":"wp","href":"https:\/\/api.w.org\/{rel}","templated":true}]}}