{"id":70,"date":"2023-06-04T19:05:27","date_gmt":"2023-06-04T22:05:27","guid":{"rendered":"https:\/\/imperiodacultura.com.br\/?post_type=product&#038;p=70"},"modified":"2026-03-15T01:41:00","modified_gmt":"2026-03-15T04:41:00","slug":"ebos-e-feiticos-com-a-magia-de-odus","status":"publish","type":"product","link":"https:\/\/imperiodacultura.com.br\/?product=ebos-e-feiticos-com-a-magia-de-odus","title":{"rendered":"Eb\u00f3s e Feiti\u00e7os com a Magia de Od\u00fas"},"content":{"rendered":"<p><span style=\"vertical-align: inherit;\"><span style=\"vertical-align: inherit;\"><span style=\"vertical-align: inherit;\"><span style=\"vertical-align: inherit;\">Um livro com grande variedade de feiti\u00e7os e eb\u00f3s, muito simples de realizar. S\u00e3o 140 p\u00e1ginas, com mais de 120 receitas de diversos eb\u00f3s e feiti\u00e7os de odus,segundo os 16 odus do jogo de b\u00fazios e os orix\u00e1s correspondentes a cada odu, auxiliando na escolha da oferenda.<\/span><\/span><\/span><\/span><img fetchpriority=\"high\" decoding=\"async\" class=\"alignnone size-medium wp-image-71\" src=\"http:\/\/imperiodacultura-com-br.preview-domain.com\/wp-content\/uploads\/2023\/06\/15073492_894899150645636_3021588163324157293_n-250x300.jpg\" alt=\"\" width=\"250\" height=\"300\" srcset=\"https:\/\/imperiodacultura.com.br\/wp-content\/uploads\/2023\/06\/15073492_894899150645636_3021588163324157293_n-250x300.jpg 250w, https:\/\/imperiodacultura.com.br\/wp-content\/uploads\/2023\/06\/15073492_894899150645636_3021588163324157293_n-300x360.jpg 300w, https:\/\/imperiodacultura.com.br\/wp-content\/uploads\/2023\/06\/15073492_894899150645636_3021588163324157293_n.jpg 500w\" sizes=\"(max-width: 250px) 100vw, 250px\" \/><\/p>\n","protected":false},"excerpt":{"rendered":"<p>Um livro com grande variedade de feiti\u00e7os e eb\u00f3s, muito simples de realizar. S\u00e3o 140 p\u00e1ginas, com mais de 120 receitas de diversos eb\u00f3s e feiti\u00e7os de odus,segundo os 16 odus do jogo de b\u00fazios e os orix\u00e1s correspondentes a cada odu, auxiliando na escolha da oferenda.<\/p>\n","protected":false},"featured_media":71,"comment_status":"open","ping_status":"closed","template":"","meta":[],"pwb-brand":[],"product_brand":[],"product_cat":[71],"product_tag":[22,18,34,29,28,35,27,30,23,20,25,32,33],"class_list":{"0":"post-70","1":"product","2":"type-product","3":"status-publish","4":"has-post-thumbnail","6":"product_cat-odus","7":"product_tag-amor","8":"product_tag-candomble","9":"product_tag-dinheiro","10":"product_tag-exu-orixas","11":"product_tag-feiticos","12":"product_tag-magias","13":"product_tag-odus","14":"product_tag-rezas","15":"product_tag-saude","16":"product_tag-trabalho","17":"product_tag-umbanda","18":"product_tag-uniao","19":"product_tag-yoruba","21":"first","22":"instock","23":"sale","24":"shipping-taxable","25":"purchasable","26":"product-type-simple"},"jetpack_sharing_enabled":true,"brands":[],"_links":{"self":[{"href":"https:\/\/imperiodacultura.com.br\/index.php?rest_route=\/wp\/v2\/product\/70","targetHints":{"allow":["GET"]}}],"collection":[{"href":"https:\/\/imperiodacultura.com.br\/index.php?rest_route=\/wp\/v2\/product"}],"about":[{"href":"https:\/\/imperiodacultura.com.br\/index.php?rest_route=\/wp\/v2\/types\/product"}],"replies":[{"embeddable":true,"href":"https:\/\/imperiodacultura.com.br\/index.php?rest_route=%2Fwp%2Fv2%2Fcomments&post=70"}],"version-history":[{"count":3,"href":"https:\/\/imperiodacultura.com.br\/index.php?rest_route=\/wp\/v2\/product\/70\/revisions"}],"predecessor-version":[{"id":305,"href":"https:\/\/imperiodacultura.com.br\/index.php?rest_route=\/wp\/v2\/product\/70\/revisions\/305"}],"wp:featuredmedia":[{"embeddable":true,"href":"https:\/\/imperiodacultura.com.br\/index.php?rest_route=\/wp\/v2\/media\/71"}],"wp:attachment":[{"href":"https:\/\/imperiodacultura.com.br\/index.php?rest_route=%2Fwp%2Fv2%2Fmedia&parent=70"}],"wp:term":[{"taxonomy":"pwb-brand","embeddable":true,"href":"https:\/\/imperiodacultura.com.br\/index.php?rest_route=%2Fwp%2Fv2%2Fpwb-brand&post=70"},{"taxonomy":"product_brand","embeddable":true,"href":"https:\/\/imperiodacultura.com.br\/index.php?rest_route=%2Fwp%2Fv2%2Fproduct_brand&post=70"},{"taxonomy":"product_cat","embeddable":true,"href":"https:\/\/imperiodacultura.com.br\/index.php?rest_route=%2Fwp%2Fv2%2Fproduct_cat&post=70"},{"taxonomy":"product_tag","embeddable":true,"href":"https:\/\/imperiodacultura.com.br\/index.php?rest_route=%2Fwp%2Fv2%2Fproduct_tag&post=70"}],"curies":[{"name":"wp","href":"https:\/\/api.w.org\/{rel}","templated":true}]}}