{"id":68,"date":"2023-06-04T19:01:20","date_gmt":"2023-06-04T22:01:20","guid":{"rendered":"https:\/\/imperiodacultura.com.br\/?post_type=product&#038;p=68"},"modified":"2026-01-07T16:33:29","modified_gmt":"2026-01-07T19:33:29","slug":"simpatias-milagrosas","status":"publish","type":"product","link":"https:\/\/imperiodacultura.com.br\/?product=simpatias-milagrosas","title":{"rendered":"Simpatias Milagrosas"},"content":{"rendered":"<p><strong><span style=\"vertical-align: inherit;\"><span style=\"vertical-align: inherit;\">Simpatias Milagrosas<\/span><\/span><\/strong><span style=\"vertical-align: inherit;\"><span style=\"vertical-align: inherit;\"> \u00a0\u00e9 um livro-receitu\u00e1rio de simpatias, encantamentos, banhos e ch\u00e1s, que est\u00e1 em sua 7\u00aa edi\u00e7\u00e3o. Atrav\u00e9s das\u00a0 <\/span><\/span><strong><span style=\"vertical-align: inherit;\"><span style=\"vertical-align: inherit;\">simpatias<\/span><\/span><\/strong><span style=\"vertical-align: inherit;\"><span style=\"vertical-align: inherit;\"> \u00a0que os homens se interessam por praticar poderes sobrenaturais, que lhes d\u00eaem o poder de dominar o amor e ter \u00e0 sua disposi\u00e7\u00e3o o objeto de desejo, e seus desejos diversos.<\/span><\/span><img fetchpriority=\"high\" decoding=\"async\" class=\"alignnone size-medium wp-image-69\" src=\"http:\/\/imperiodacultura-com-br.preview-domain.com\/wp-content\/uploads\/2023\/06\/13432302_806180926184126_8808754644313503902_n-250x300.jpg\" alt=\"\" width=\"250\" height=\"300\" srcset=\"https:\/\/imperiodacultura.com.br\/wp-content\/uploads\/2023\/06\/13432302_806180926184126_8808754644313503902_n-250x300.jpg 250w, https:\/\/imperiodacultura.com.br\/wp-content\/uploads\/2023\/06\/13432302_806180926184126_8808754644313503902_n-300x360.jpg 300w, https:\/\/imperiodacultura.com.br\/wp-content\/uploads\/2023\/06\/13432302_806180926184126_8808754644313503902_n.jpg 500w\" sizes=\"(max-width: 250px) 100vw, 250px\" \/><\/p>\n","protected":false},"excerpt":{"rendered":"<p>Simpatias Milagrosas \u00a0\u00e9 um livro-receitu\u00e1rio de simpatias, encantamentos, banhos e ch\u00e1s, que est\u00e1 em sua 7\u00aa edi\u00e7\u00e3o. Atrav\u00e9s das\u00a0 simpatias \u00a0que os homens se interessam por praticar poderes sobrenaturais, que lhes d\u00eaem o poder de dominar o amor e ter \u00e0 sua disposi\u00e7\u00e3o o objeto de desejo, e seus desejos diversos.<\/p>\n","protected":false},"featured_media":69,"comment_status":"open","ping_status":"closed","template":"","meta":[],"pwb-brand":[],"product_brand":[],"product_cat":[70],"product_tag":[22,18,34,29,28,27,30,23,20,25,32,33],"class_list":{"0":"post-68","1":"product","2":"type-product","3":"status-publish","4":"has-post-thumbnail","6":"product_cat-candomble","7":"product_tag-amor","8":"product_tag-candomble","9":"product_tag-dinheiro","10":"product_tag-exu-orixas","11":"product_tag-feiticos","12":"product_tag-odus","13":"product_tag-rezas","14":"product_tag-saude","15":"product_tag-trabalho","16":"product_tag-umbanda","17":"product_tag-uniao","18":"product_tag-yoruba","20":"first","21":"instock","22":"sale","23":"shipping-taxable","24":"purchasable","25":"product-type-simple"},"jetpack_sharing_enabled":true,"brands":[],"_links":{"self":[{"href":"https:\/\/imperiodacultura.com.br\/index.php?rest_route=\/wp\/v2\/product\/68","targetHints":{"allow":["GET"]}}],"collection":[{"href":"https:\/\/imperiodacultura.com.br\/index.php?rest_route=\/wp\/v2\/product"}],"about":[{"href":"https:\/\/imperiodacultura.com.br\/index.php?rest_route=\/wp\/v2\/types\/product"}],"replies":[{"embeddable":true,"href":"https:\/\/imperiodacultura.com.br\/index.php?rest_route=%2Fwp%2Fv2%2Fcomments&post=68"}],"version-history":[{"count":2,"href":"https:\/\/imperiodacultura.com.br\/index.php?rest_route=\/wp\/v2\/product\/68\/revisions"}],"predecessor-version":[{"id":306,"href":"https:\/\/imperiodacultura.com.br\/index.php?rest_route=\/wp\/v2\/product\/68\/revisions\/306"}],"wp:featuredmedia":[{"embeddable":true,"href":"https:\/\/imperiodacultura.com.br\/index.php?rest_route=\/wp\/v2\/media\/69"}],"wp:attachment":[{"href":"https:\/\/imperiodacultura.com.br\/index.php?rest_route=%2Fwp%2Fv2%2Fmedia&parent=68"}],"wp:term":[{"taxonomy":"pwb-brand","embeddable":true,"href":"https:\/\/imperiodacultura.com.br\/index.php?rest_route=%2Fwp%2Fv2%2Fpwb-brand&post=68"},{"taxonomy":"product_brand","embeddable":true,"href":"https:\/\/imperiodacultura.com.br\/index.php?rest_route=%2Fwp%2Fv2%2Fproduct_brand&post=68"},{"taxonomy":"product_cat","embeddable":true,"href":"https:\/\/imperiodacultura.com.br\/index.php?rest_route=%2Fwp%2Fv2%2Fproduct_cat&post=68"},{"taxonomy":"product_tag","embeddable":true,"href":"https:\/\/imperiodacultura.com.br\/index.php?rest_route=%2Fwp%2Fv2%2Fproduct_tag&post=68"}],"curies":[{"name":"wp","href":"https:\/\/api.w.org\/{rel}","templated":true}]}}