{"id":64,"date":"2023-06-04T18:53:06","date_gmt":"2023-06-04T21:53:06","guid":{"rendered":"https:\/\/imperiodacultura.com.br\/?post_type=product&#038;p=64"},"modified":"2026-01-07T16:34:32","modified_gmt":"2026-01-07T19:34:32","slug":"sagradas-oferendas-adimu-aos-orixas-batista-d-obaluaye","status":"publish","type":"product","link":"https:\/\/imperiodacultura.com.br\/?product=sagradas-oferendas-adimu-aos-orixas-batista-d-obaluaye","title":{"rendered":"Sagradas Oferendas &#8211; Adim\u00fa Aos Orix\u00e1s -batista D&#8217; Obaluay\u00ea"},"content":{"rendered":"<p><span style=\"vertical-align: inherit;\"><span style=\"vertical-align: inherit;\"><span style=\"vertical-align: inherit;\"><span style=\"vertical-align: inherit;\">A Solu\u00e7\u00e3o dos seus problemas! <\/span><\/span><\/span><\/span><br \/>\n<span style=\"vertical-align: inherit;\"><span style=\"vertical-align: inherit;\"><span style=\"vertical-align: inherit;\"><span style=\"vertical-align: inherit;\">Fa\u00e7a voc\u00ea mesmo suas oferendas aos seus Orix\u00e1s e tenha seus orix\u00e1s fortalecidos e seus caminhos abertos, o emprego desejado, cura de doen\u00e7as, um novo amor, ter de volta a pessoa amada, solu\u00e7\u00e3o de problemas judiciais, livrar a pessoa da morte, uni\u00e3o de casais, crescimento de vida financeira e muito mais!<\/span><\/span><\/span><\/span><img fetchpriority=\"high\" decoding=\"async\" class=\"alignnone size-medium wp-image-65\" src=\"http:\/\/imperiodacultura-com-br.preview-domain.com\/wp-content\/uploads\/2023\/06\/48381614_1407819186020294_2679360341963440128_n-250x300.jpg\" alt=\"\" width=\"250\" height=\"300\" srcset=\"https:\/\/imperiodacultura.com.br\/wp-content\/uploads\/2023\/06\/48381614_1407819186020294_2679360341963440128_n-250x300.jpg 250w, https:\/\/imperiodacultura.com.br\/wp-content\/uploads\/2023\/06\/48381614_1407819186020294_2679360341963440128_n-300x360.jpg 300w, https:\/\/imperiodacultura.com.br\/wp-content\/uploads\/2023\/06\/48381614_1407819186020294_2679360341963440128_n.jpg 500w\" sizes=\"(max-width: 250px) 100vw, 250px\" \/><\/p>\n","protected":false},"excerpt":{"rendered":"<p>A Solu\u00e7\u00e3o dos seus problemas! Fa\u00e7a voc\u00ea mesmo suas oferendas aos seus Orix\u00e1s e tenha seus orix\u00e1s fortalecidos e seus caminhos abertos, o emprego desejado, cura de doen\u00e7as, um novo amor, ter de volta a pessoa amada, solu\u00e7\u00e3o de problemas judiciais, livrar a pessoa da morte, uni\u00e3o de casais, crescimento de vida financeira e muito mais!<\/p>\n","protected":false},"featured_media":65,"comment_status":"open","ping_status":"closed","template":"","meta":[],"pwb-brand":[],"product_brand":[],"product_cat":[70],"product_tag":[22,18,29,28,27,30,23,20,25,32,33],"class_list":{"0":"post-64","1":"product","2":"type-product","3":"status-publish","4":"has-post-thumbnail","6":"product_cat-candomble","7":"product_tag-amor","8":"product_tag-candomble","9":"product_tag-exu-orixas","10":"product_tag-feiticos","11":"product_tag-odus","12":"product_tag-rezas","13":"product_tag-saude","14":"product_tag-trabalho","15":"product_tag-umbanda","16":"product_tag-uniao","17":"product_tag-yoruba","19":"first","20":"instock","21":"sale","22":"shipping-taxable","23":"purchasable","24":"product-type-simple"},"jetpack_sharing_enabled":true,"brands":[],"_links":{"self":[{"href":"https:\/\/imperiodacultura.com.br\/index.php?rest_route=\/wp\/v2\/product\/64","targetHints":{"allow":["GET"]}}],"collection":[{"href":"https:\/\/imperiodacultura.com.br\/index.php?rest_route=\/wp\/v2\/product"}],"about":[{"href":"https:\/\/imperiodacultura.com.br\/index.php?rest_route=\/wp\/v2\/types\/product"}],"replies":[{"embeddable":true,"href":"https:\/\/imperiodacultura.com.br\/index.php?rest_route=%2Fwp%2Fv2%2Fcomments&post=64"}],"version-history":[{"count":3,"href":"https:\/\/imperiodacultura.com.br\/index.php?rest_route=\/wp\/v2\/product\/64\/revisions"}],"predecessor-version":[{"id":308,"href":"https:\/\/imperiodacultura.com.br\/index.php?rest_route=\/wp\/v2\/product\/64\/revisions\/308"}],"wp:featuredmedia":[{"embeddable":true,"href":"https:\/\/imperiodacultura.com.br\/index.php?rest_route=\/wp\/v2\/media\/65"}],"wp:attachment":[{"href":"https:\/\/imperiodacultura.com.br\/index.php?rest_route=%2Fwp%2Fv2%2Fmedia&parent=64"}],"wp:term":[{"taxonomy":"pwb-brand","embeddable":true,"href":"https:\/\/imperiodacultura.com.br\/index.php?rest_route=%2Fwp%2Fv2%2Fpwb-brand&post=64"},{"taxonomy":"product_brand","embeddable":true,"href":"https:\/\/imperiodacultura.com.br\/index.php?rest_route=%2Fwp%2Fv2%2Fproduct_brand&post=64"},{"taxonomy":"product_cat","embeddable":true,"href":"https:\/\/imperiodacultura.com.br\/index.php?rest_route=%2Fwp%2Fv2%2Fproduct_cat&post=64"},{"taxonomy":"product_tag","embeddable":true,"href":"https:\/\/imperiodacultura.com.br\/index.php?rest_route=%2Fwp%2Fv2%2Fproduct_tag&post=64"}],"curies":[{"name":"wp","href":"https:\/\/api.w.org\/{rel}","templated":true}]}}