{"id":62,"date":"2023-06-04T18:50:22","date_gmt":"2023-06-04T21:50:22","guid":{"rendered":"https:\/\/imperiodacultura.com.br\/?post_type=product&#038;p=62"},"modified":"2026-01-07T16:35:04","modified_gmt":"2026-01-07T19:35:04","slug":"dicionario-yoruba-portugues","status":"publish","type":"product","link":"https:\/\/imperiodacultura.com.br\/?product=dicionario-yoruba-portugues","title":{"rendered":"Dicion\u00e1rio Yorub\u00e1 &#8211; Portugu\u00eas"},"content":{"rendered":"<p><span style=\"vertical-align: inherit;\"><span style=\"vertical-align: inherit;\"><span style=\"vertical-align: inherit;\"><span style=\"vertical-align: inherit;\">Uma ferramenta preciosa para quem estuda a cultura, a teologia e a l\u00edngua Yorub\u00e1. Ou ainda por quem se interessa pelo assunto ou quer apenas conhecer um mais um pouco sobre as ra\u00edzes deste povo pouqu\u00edssimo conhecido.<\/span><\/span><\/span><\/span><img fetchpriority=\"high\" decoding=\"async\" class=\"alignnone size-medium wp-image-63\" src=\"http:\/\/imperiodacultura-com-br.preview-domain.com\/wp-content\/uploads\/2023\/06\/57821652_1504796876322524_7155257206936436736_n-250x300.jpg\" alt=\"\" width=\"250\" height=\"300\" srcset=\"https:\/\/imperiodacultura.com.br\/wp-content\/uploads\/2023\/06\/57821652_1504796876322524_7155257206936436736_n-250x300.jpg 250w, https:\/\/imperiodacultura.com.br\/wp-content\/uploads\/2023\/06\/57821652_1504796876322524_7155257206936436736_n-300x360.jpg 300w, https:\/\/imperiodacultura.com.br\/wp-content\/uploads\/2023\/06\/57821652_1504796876322524_7155257206936436736_n.jpg 500w\" sizes=\"(max-width: 250px) 100vw, 250px\" \/><\/p>\n","protected":false},"excerpt":{"rendered":"<p>Uma ferramenta preciosa para quem estuda a cultura, a teologia e a l\u00edngua Yorub\u00e1. Ou ainda por quem se interessa pelo assunto ou quer apenas conhecer um mais um pouco sobre as ra\u00edzes deste povo pouqu\u00edssimo conhecido.<\/p>\n","protected":false},"featured_media":63,"comment_status":"open","ping_status":"closed","template":"","meta":[],"pwb-brand":[],"product_brand":[],"product_cat":[70],"product_tag":[22,18,29,28,27,30,23,20,25,32,33],"class_list":{"0":"post-62","1":"product","2":"type-product","3":"status-publish","4":"has-post-thumbnail","6":"product_cat-candomble","7":"product_tag-amor","8":"product_tag-candomble","9":"product_tag-exu-orixas","10":"product_tag-feiticos","11":"product_tag-odus","12":"product_tag-rezas","13":"product_tag-saude","14":"product_tag-trabalho","15":"product_tag-umbanda","16":"product_tag-uniao","17":"product_tag-yoruba","19":"first","20":"instock","21":"sale","22":"shipping-taxable","23":"purchasable","24":"product-type-simple"},"jetpack_sharing_enabled":true,"brands":[],"_links":{"self":[{"href":"https:\/\/imperiodacultura.com.br\/index.php?rest_route=\/wp\/v2\/product\/62","targetHints":{"allow":["GET"]}}],"collection":[{"href":"https:\/\/imperiodacultura.com.br\/index.php?rest_route=\/wp\/v2\/product"}],"about":[{"href":"https:\/\/imperiodacultura.com.br\/index.php?rest_route=\/wp\/v2\/types\/product"}],"replies":[{"embeddable":true,"href":"https:\/\/imperiodacultura.com.br\/index.php?rest_route=%2Fwp%2Fv2%2Fcomments&post=62"}],"version-history":[{"count":2,"href":"https:\/\/imperiodacultura.com.br\/index.php?rest_route=\/wp\/v2\/product\/62\/revisions"}],"predecessor-version":[{"id":309,"href":"https:\/\/imperiodacultura.com.br\/index.php?rest_route=\/wp\/v2\/product\/62\/revisions\/309"}],"wp:featuredmedia":[{"embeddable":true,"href":"https:\/\/imperiodacultura.com.br\/index.php?rest_route=\/wp\/v2\/media\/63"}],"wp:attachment":[{"href":"https:\/\/imperiodacultura.com.br\/index.php?rest_route=%2Fwp%2Fv2%2Fmedia&parent=62"}],"wp:term":[{"taxonomy":"pwb-brand","embeddable":true,"href":"https:\/\/imperiodacultura.com.br\/index.php?rest_route=%2Fwp%2Fv2%2Fpwb-brand&post=62"},{"taxonomy":"product_brand","embeddable":true,"href":"https:\/\/imperiodacultura.com.br\/index.php?rest_route=%2Fwp%2Fv2%2Fproduct_brand&post=62"},{"taxonomy":"product_cat","embeddable":true,"href":"https:\/\/imperiodacultura.com.br\/index.php?rest_route=%2Fwp%2Fv2%2Fproduct_cat&post=62"},{"taxonomy":"product_tag","embeddable":true,"href":"https:\/\/imperiodacultura.com.br\/index.php?rest_route=%2Fwp%2Fv2%2Fproduct_tag&post=62"}],"curies":[{"name":"wp","href":"https:\/\/api.w.org\/{rel}","templated":true}]}}