{"id":60,"date":"2023-06-04T18:43:12","date_gmt":"2023-06-04T21:43:12","guid":{"rendered":"https:\/\/imperiodacultura.com.br\/?post_type=product&#038;p=60"},"modified":"2026-01-07T16:35:19","modified_gmt":"2026-01-07T19:35:19","slug":"caminhando-com-os-orixas","status":"publish","type":"product","link":"https:\/\/imperiodacultura.com.br\/?product=caminhando-com-os-orixas","title":{"rendered":"Caminhando Com os Orix\u00e1s"},"content":{"rendered":"<p><span style=\"vertical-align: inherit;\"><span style=\"vertical-align: inherit;\"><span style=\"vertical-align: inherit;\"><span style=\"vertical-align: inherit;\">Caminhando Com os Orix\u00e1s<\/span><\/span><\/span><\/span><\/p>\n<p><span style=\"vertical-align: inherit;\"><span style=\"vertical-align: inherit;\"><span style=\"vertical-align: inherit;\"><span style=\"vertical-align: inherit;\">De acordo com a religi\u00e3o tradicional africana, se , deve a religi\u00e3o, n\u00e3o Viver da religi\u00e3o.E ouvir a vontade dos orix\u00e1s e as colocar em pr\u00e1ticas.<\/span><\/span><\/span><\/span><\/p>\n<p><span style=\"vertical-align: inherit;\"><span style=\"vertical-align: inherit;\"><span style=\"vertical-align: inherit;\"><span style=\"vertical-align: inherit;\">A f\u00e9 deve existir, sem pre\u00e7o e sem cobran\u00e7a, n\u00e3o precisa ser explicada apena ser sentida por cada um.<\/span><\/span><\/span><\/span><img fetchpriority=\"high\" decoding=\"async\" class=\"alignnone size-medium wp-image-61\" src=\"http:\/\/imperiodacultura-com-br.preview-domain.com\/wp-content\/uploads\/2023\/06\/54353478_1473846089417603_7548389857190477824_n-250x300.jpg\" alt=\"\" width=\"250\" height=\"300\" srcset=\"https:\/\/imperiodacultura.com.br\/wp-content\/uploads\/2023\/06\/54353478_1473846089417603_7548389857190477824_n-250x300.jpg 250w, https:\/\/imperiodacultura.com.br\/wp-content\/uploads\/2023\/06\/54353478_1473846089417603_7548389857190477824_n-300x360.jpg 300w, https:\/\/imperiodacultura.com.br\/wp-content\/uploads\/2023\/06\/54353478_1473846089417603_7548389857190477824_n.jpg 500w\" sizes=\"(max-width: 250px) 100vw, 250px\" \/><\/p>\n","protected":false},"excerpt":{"rendered":"<p>Caminhando Com os Orix\u00e1s De acordo com a religi\u00e3o tradicional africana, se , deve a religi\u00e3o, n\u00e3o Viver da religi\u00e3o.E ouvir a vontade dos orix\u00e1s e as colocar em pr\u00e1ticas. A f\u00e9 deve existir, sem pre\u00e7o e sem cobran\u00e7a, n\u00e3o precisa ser explicada apena ser sentida por cada um.<\/p>\n","protected":false},"featured_media":61,"comment_status":"open","ping_status":"closed","template":"","meta":[],"pwb-brand":[],"product_brand":[],"product_cat":[70],"product_tag":[22,18,29,28,27,30,23,20,25,32],"class_list":{"0":"post-60","1":"product","2":"type-product","3":"status-publish","4":"has-post-thumbnail","6":"product_cat-candomble","7":"product_tag-amor","8":"product_tag-candomble","9":"product_tag-exu-orixas","10":"product_tag-feiticos","11":"product_tag-odus","12":"product_tag-rezas","13":"product_tag-saude","14":"product_tag-trabalho","15":"product_tag-umbanda","16":"product_tag-uniao","18":"first","19":"instock","20":"sale","21":"shipping-taxable","22":"purchasable","23":"product-type-simple"},"jetpack_sharing_enabled":true,"brands":[],"_links":{"self":[{"href":"https:\/\/imperiodacultura.com.br\/index.php?rest_route=\/wp\/v2\/product\/60","targetHints":{"allow":["GET"]}}],"collection":[{"href":"https:\/\/imperiodacultura.com.br\/index.php?rest_route=\/wp\/v2\/product"}],"about":[{"href":"https:\/\/imperiodacultura.com.br\/index.php?rest_route=\/wp\/v2\/types\/product"}],"replies":[{"embeddable":true,"href":"https:\/\/imperiodacultura.com.br\/index.php?rest_route=%2Fwp%2Fv2%2Fcomments&post=60"}],"version-history":[{"count":4,"href":"https:\/\/imperiodacultura.com.br\/index.php?rest_route=\/wp\/v2\/product\/60\/revisions"}],"predecessor-version":[{"id":310,"href":"https:\/\/imperiodacultura.com.br\/index.php?rest_route=\/wp\/v2\/product\/60\/revisions\/310"}],"wp:featuredmedia":[{"embeddable":true,"href":"https:\/\/imperiodacultura.com.br\/index.php?rest_route=\/wp\/v2\/media\/61"}],"wp:attachment":[{"href":"https:\/\/imperiodacultura.com.br\/index.php?rest_route=%2Fwp%2Fv2%2Fmedia&parent=60"}],"wp:term":[{"taxonomy":"pwb-brand","embeddable":true,"href":"https:\/\/imperiodacultura.com.br\/index.php?rest_route=%2Fwp%2Fv2%2Fpwb-brand&post=60"},{"taxonomy":"product_brand","embeddable":true,"href":"https:\/\/imperiodacultura.com.br\/index.php?rest_route=%2Fwp%2Fv2%2Fproduct_brand&post=60"},{"taxonomy":"product_cat","embeddable":true,"href":"https:\/\/imperiodacultura.com.br\/index.php?rest_route=%2Fwp%2Fv2%2Fproduct_cat&post=60"},{"taxonomy":"product_tag","embeddable":true,"href":"https:\/\/imperiodacultura.com.br\/index.php?rest_route=%2Fwp%2Fv2%2Fproduct_tag&post=60"}],"curies":[{"name":"wp","href":"https:\/\/api.w.org\/{rel}","templated":true}]}}