{"id":56,"date":"2023-06-04T18:23:01","date_gmt":"2023-06-04T21:23:01","guid":{"rendered":"https:\/\/imperiodacultura.com.br\/?post_type=product&#038;p=56"},"modified":"2026-01-07T16:36:09","modified_gmt":"2026-01-07T19:36:09","slug":"iya-mi-oshoronga","status":"publish","type":"product","link":"https:\/\/imperiodacultura.com.br\/?product=iya-mi-oshoronga","title":{"rendered":"Iy\u00e1-Mi Oshorong\u00e1"},"content":{"rendered":"<p><span style=\"vertical-align: inherit;\"><span style=\"vertical-align: inherit;\"><span style=\"vertical-align: inherit;\"><span style=\"vertical-align: inherit;\">Um livro que revela o mist\u00e9rio do seu poder feminino, amor e medo! As Iy\u00e1-Mi s\u00e3o detentoras do poder ancestral e dos elementos m\u00edticos da mulher. Foi um mito matriarcal do per\u00edodo neol\u00edtico. An\u00e1lise do mito, sua mitologia, assentamentos, rezas, comidas, lendas e muito mais!<\/span><\/span><\/span><\/span><img fetchpriority=\"high\" decoding=\"async\" class=\"alignnone size-medium wp-image-57\" src=\"http:\/\/imperiodacultura-com-br.preview-domain.com\/wp-content\/uploads\/2023\/06\/285407577_2504692762999592_1860879675299022527_n-250x300.jpg\" alt=\"\" width=\"250\" height=\"300\" srcset=\"https:\/\/imperiodacultura.com.br\/wp-content\/uploads\/2023\/06\/285407577_2504692762999592_1860879675299022527_n-250x300.jpg 250w, https:\/\/imperiodacultura.com.br\/wp-content\/uploads\/2023\/06\/285407577_2504692762999592_1860879675299022527_n-300x360.jpg 300w, https:\/\/imperiodacultura.com.br\/wp-content\/uploads\/2023\/06\/285407577_2504692762999592_1860879675299022527_n.jpg 500w\" sizes=\"(max-width: 250px) 100vw, 250px\" \/><\/p>\n","protected":false},"excerpt":{"rendered":"<p>Um livro que revela o mist\u00e9rio do seu poder feminino, amor e medo! As Iy\u00e1-Mi s\u00e3o detentoras do poder ancestral e dos elementos m\u00edticos da mulher. Foi um mito matriarcal do per\u00edodo neol\u00edtico. An\u00e1lise do mito, sua mitologia, assentamentos, rezas, comidas, lendas e muito mais!<\/p>\n","protected":false},"featured_media":57,"comment_status":"open","ping_status":"closed","template":"","meta":[],"pwb-brand":[],"product_brand":[],"product_cat":[70],"product_tag":[18,19,21,25],"class_list":{"0":"post-56","1":"product","2":"type-product","3":"status-publish","4":"has-post-thumbnail","6":"product_cat-candomble","7":"product_tag-candomble","8":"product_tag-ebos","9":"product_tag-feiticios","10":"product_tag-umbanda","12":"first","13":"instock","14":"sale","15":"shipping-taxable","16":"purchasable","17":"product-type-simple"},"jetpack_sharing_enabled":true,"brands":[],"_links":{"self":[{"href":"https:\/\/imperiodacultura.com.br\/index.php?rest_route=\/wp\/v2\/product\/56","targetHints":{"allow":["GET"]}}],"collection":[{"href":"https:\/\/imperiodacultura.com.br\/index.php?rest_route=\/wp\/v2\/product"}],"about":[{"href":"https:\/\/imperiodacultura.com.br\/index.php?rest_route=\/wp\/v2\/types\/product"}],"replies":[{"embeddable":true,"href":"https:\/\/imperiodacultura.com.br\/index.php?rest_route=%2Fwp%2Fv2%2Fcomments&post=56"}],"version-history":[{"count":3,"href":"https:\/\/imperiodacultura.com.br\/index.php?rest_route=\/wp\/v2\/product\/56\/revisions"}],"predecessor-version":[{"id":312,"href":"https:\/\/imperiodacultura.com.br\/index.php?rest_route=\/wp\/v2\/product\/56\/revisions\/312"}],"wp:featuredmedia":[{"embeddable":true,"href":"https:\/\/imperiodacultura.com.br\/index.php?rest_route=\/wp\/v2\/media\/57"}],"wp:attachment":[{"href":"https:\/\/imperiodacultura.com.br\/index.php?rest_route=%2Fwp%2Fv2%2Fmedia&parent=56"}],"wp:term":[{"taxonomy":"pwb-brand","embeddable":true,"href":"https:\/\/imperiodacultura.com.br\/index.php?rest_route=%2Fwp%2Fv2%2Fpwb-brand&post=56"},{"taxonomy":"product_brand","embeddable":true,"href":"https:\/\/imperiodacultura.com.br\/index.php?rest_route=%2Fwp%2Fv2%2Fproduct_brand&post=56"},{"taxonomy":"product_cat","embeddable":true,"href":"https:\/\/imperiodacultura.com.br\/index.php?rest_route=%2Fwp%2Fv2%2Fproduct_cat&post=56"},{"taxonomy":"product_tag","embeddable":true,"href":"https:\/\/imperiodacultura.com.br\/index.php?rest_route=%2Fwp%2Fv2%2Fproduct_tag&post=56"}],"curies":[{"name":"wp","href":"https:\/\/api.w.org\/{rel}","templated":true}]}}