{"id":52,"date":"2023-06-04T17:55:20","date_gmt":"2023-06-04T20:55:20","guid":{"rendered":"https:\/\/imperiodacultura.com.br\/?post_type=product&#038;p=52"},"modified":"2026-01-07T16:36:51","modified_gmt":"2026-01-07T19:36:51","slug":"feiticos-e-ebos-no-candomble","status":"publish","type":"product","link":"https:\/\/imperiodacultura.com.br\/?product=feiticos-e-ebos-no-candomble","title":{"rendered":"Feiti\u00e7os e Eb\u00f3s no Candombl\u00e9"},"content":{"rendered":"<p><span style=\"vertical-align: inherit;\"><span style=\"vertical-align: inherit;\"><span style=\"vertical-align: inherit;\"><span style=\"vertical-align: inherit;\"><span style=\"vertical-align: inherit;\"><span style=\"vertical-align: inherit;\">Um livro completo sobre feiti\u00e7aria, na sua 14\u00aa edi\u00e7\u00e3o, com mais de 100 receitas de feiti\u00e7os, eb\u00f3s, banhos, defumadores para todas as especifica\u00e7\u00f5es como amarra\u00e7\u00e3o, neg\u00f3cios, separa\u00e7\u00e3o e abertura de caminhos. Campe\u00e3o de vendas!<\/span><\/span><\/span><\/span><\/span><\/span><img fetchpriority=\"high\" decoding=\"async\" class=\"alignnone size-medium wp-image-53\" src=\"http:\/\/imperiodacultura-com-br.preview-domain.com\/wp-content\/uploads\/2023\/06\/9788586896248-500x500-1-300x300.jpg\" alt=\"\" width=\"300\" height=\"300\" srcset=\"https:\/\/imperiodacultura.com.br\/wp-content\/uploads\/2023\/06\/9788586896248-500x500-1-300x300.jpg 300w, https:\/\/imperiodacultura.com.br\/wp-content\/uploads\/2023\/06\/9788586896248-500x500-1-100x100.jpg 100w, https:\/\/imperiodacultura.com.br\/wp-content\/uploads\/2023\/06\/9788586896248-500x500-1-150x150.jpg 150w, https:\/\/imperiodacultura.com.br\/wp-content\/uploads\/2023\/06\/9788586896248-500x500-1-350x350.jpg 350w, https:\/\/imperiodacultura.com.br\/wp-content\/uploads\/2023\/06\/9788586896248-500x500-1.jpg 500w\" sizes=\"(max-width: 300px) 100vw, 300px\" \/><\/p>\n","protected":false},"excerpt":{"rendered":"<p>Um livro completo sobre feiti\u00e7aria, na sua 14\u00aa edi\u00e7\u00e3o, com mais de 100 receitas de feiti\u00e7os, eb\u00f3s, banhos, defumadores para todas as especifica\u00e7\u00f5es como amarra\u00e7\u00e3o, neg\u00f3cios, separa\u00e7\u00e3o e abertura de caminhos. Campe\u00e3o de vendas!<\/p>\n","protected":false},"featured_media":53,"comment_status":"open","ping_status":"closed","template":"","meta":[],"pwb-brand":[],"product_brand":[],"product_cat":[70],"product_tag":[22,18,19,21,24,23,20],"class_list":{"0":"post-52","1":"product","2":"type-product","3":"status-publish","4":"has-post-thumbnail","6":"product_cat-candomble","7":"product_tag-amor","8":"product_tag-candomble","9":"product_tag-ebos","10":"product_tag-feiticios","11":"product_tag-orixas","12":"product_tag-saude","13":"product_tag-trabalho","15":"first","16":"instock","17":"sale","18":"shipping-taxable","19":"purchasable","20":"product-type-simple"},"jetpack_sharing_enabled":true,"brands":[],"_links":{"self":[{"href":"https:\/\/imperiodacultura.com.br\/index.php?rest_route=\/wp\/v2\/product\/52","targetHints":{"allow":["GET"]}}],"collection":[{"href":"https:\/\/imperiodacultura.com.br\/index.php?rest_route=\/wp\/v2\/product"}],"about":[{"href":"https:\/\/imperiodacultura.com.br\/index.php?rest_route=\/wp\/v2\/types\/product"}],"replies":[{"embeddable":true,"href":"https:\/\/imperiodacultura.com.br\/index.php?rest_route=%2Fwp%2Fv2%2Fcomments&post=52"}],"version-history":[{"count":4,"href":"https:\/\/imperiodacultura.com.br\/index.php?rest_route=\/wp\/v2\/product\/52\/revisions"}],"predecessor-version":[{"id":314,"href":"https:\/\/imperiodacultura.com.br\/index.php?rest_route=\/wp\/v2\/product\/52\/revisions\/314"}],"wp:featuredmedia":[{"embeddable":true,"href":"https:\/\/imperiodacultura.com.br\/index.php?rest_route=\/wp\/v2\/media\/53"}],"wp:attachment":[{"href":"https:\/\/imperiodacultura.com.br\/index.php?rest_route=%2Fwp%2Fv2%2Fmedia&parent=52"}],"wp:term":[{"taxonomy":"pwb-brand","embeddable":true,"href":"https:\/\/imperiodacultura.com.br\/index.php?rest_route=%2Fwp%2Fv2%2Fpwb-brand&post=52"},{"taxonomy":"product_brand","embeddable":true,"href":"https:\/\/imperiodacultura.com.br\/index.php?rest_route=%2Fwp%2Fv2%2Fproduct_brand&post=52"},{"taxonomy":"product_cat","embeddable":true,"href":"https:\/\/imperiodacultura.com.br\/index.php?rest_route=%2Fwp%2Fv2%2Fproduct_cat&post=52"},{"taxonomy":"product_tag","embeddable":true,"href":"https:\/\/imperiodacultura.com.br\/index.php?rest_route=%2Fwp%2Fv2%2Fproduct_tag&post=52"}],"curies":[{"name":"wp","href":"https:\/\/api.w.org\/{rel}","templated":true}]}}