{"id":148,"date":"2023-06-05T18:37:31","date_gmt":"2023-06-05T21:37:31","guid":{"rendered":"https:\/\/imperiodacultura.com.br\/?post_type=product&#038;p=148"},"modified":"2023-07-11T14:08:38","modified_gmt":"2023-07-11T17:08:38","slug":"jogo-de-buzios-de-orixas","status":"publish","type":"product","link":"https:\/\/imperiodacultura.com.br\/?product=jogo-de-buzios-de-orixas","title":{"rendered":"JOGO DE B\u00daZIOS DE ORIX\u00c1S"},"content":{"rendered":"<p>O livro mostra com detalhes, jogo dos b\u00fazios, jogo de if\u00e1, jogo de ob\u00ed, as poss\u00edveis ca\u00eddas do jogo de b\u00fazios, Imperd\u00edvel!<img fetchpriority=\"high\" decoding=\"async\" class=\"alignnone size-medium wp-image-149\" src=\"http:\/\/imperiodacultura-com-br.preview-domain.com\/wp-content\/uploads\/2023\/06\/webp_8586896071-250x300.webp\" alt=\"\" width=\"250\" height=\"300\" srcset=\"https:\/\/imperiodacultura.com.br\/wp-content\/uploads\/2023\/06\/webp_8586896071-250x300.webp 250w, https:\/\/imperiodacultura.com.br\/wp-content\/uploads\/2023\/06\/webp_8586896071.webp 255w\" sizes=\"(max-width: 250px) 100vw, 250px\" \/><\/p>\n","protected":false},"excerpt":{"rendered":"<p><img decoding=\"async\" class=\"alignnone size-medium wp-image-164\" src=\"http:\/\/imperiodacultura.com.br\/wp-content\/uploads\/2023\/06\/webp_8586896071-1-250x300.webp\" alt=\"\" width=\"250\" height=\"300\" srcset=\"https:\/\/imperiodacultura.com.br\/wp-content\/uploads\/2023\/06\/webp_8586896071-1-250x300.webp 250w, https:\/\/imperiodacultura.com.br\/wp-content\/uploads\/2023\/06\/webp_8586896071-1.webp 255w\" sizes=\"(max-width: 250px) 100vw, 250px\" \/><\/p>\n","protected":false},"featured_media":149,"comment_status":"open","ping_status":"closed","template":"","meta":[],"pwb-brand":[],"product_brand":[],"product_cat":[71],"product_tag":[],"class_list":{"0":"post-148","1":"product","2":"type-product","3":"status-publish","4":"has-post-thumbnail","6":"product_cat-odus","8":"first","9":"outofstock","10":"shipping-taxable","11":"purchasable","12":"product-type-simple"},"jetpack_sharing_enabled":true,"brands":[],"_links":{"self":[{"href":"https:\/\/imperiodacultura.com.br\/index.php?rest_route=\/wp\/v2\/product\/148","targetHints":{"allow":["GET"]}}],"collection":[{"href":"https:\/\/imperiodacultura.com.br\/index.php?rest_route=\/wp\/v2\/product"}],"about":[{"href":"https:\/\/imperiodacultura.com.br\/index.php?rest_route=\/wp\/v2\/types\/product"}],"replies":[{"embeddable":true,"href":"https:\/\/imperiodacultura.com.br\/index.php?rest_route=%2Fwp%2Fv2%2Fcomments&post=148"}],"version-history":[{"count":1,"href":"https:\/\/imperiodacultura.com.br\/index.php?rest_route=\/wp\/v2\/product\/148\/revisions"}],"predecessor-version":[{"id":220,"href":"https:\/\/imperiodacultura.com.br\/index.php?rest_route=\/wp\/v2\/product\/148\/revisions\/220"}],"wp:featuredmedia":[{"embeddable":true,"href":"https:\/\/imperiodacultura.com.br\/index.php?rest_route=\/wp\/v2\/media\/149"}],"wp:attachment":[{"href":"https:\/\/imperiodacultura.com.br\/index.php?rest_route=%2Fwp%2Fv2%2Fmedia&parent=148"}],"wp:term":[{"taxonomy":"pwb-brand","embeddable":true,"href":"https:\/\/imperiodacultura.com.br\/index.php?rest_route=%2Fwp%2Fv2%2Fpwb-brand&post=148"},{"taxonomy":"product_brand","embeddable":true,"href":"https:\/\/imperiodacultura.com.br\/index.php?rest_route=%2Fwp%2Fv2%2Fproduct_brand&post=148"},{"taxonomy":"product_cat","embeddable":true,"href":"https:\/\/imperiodacultura.com.br\/index.php?rest_route=%2Fwp%2Fv2%2Fproduct_cat&post=148"},{"taxonomy":"product_tag","embeddable":true,"href":"https:\/\/imperiodacultura.com.br\/index.php?rest_route=%2Fwp%2Fv2%2Fproduct_tag&post=148"}],"curies":[{"name":"wp","href":"https:\/\/api.w.org\/{rel}","templated":true}]}}