{"id":146,"date":"2023-06-05T18:34:25","date_gmt":"2023-06-05T21:34:25","guid":{"rendered":"https:\/\/imperiodacultura.com.br\/?post_type=product&#038;p=146"},"modified":"2023-07-11T14:08:56","modified_gmt":"2023-07-11T17:08:56","slug":"a-verdadeira-origem-do-candomble-seus-orixas-e-suas-magias","status":"publish","type":"product","link":"https:\/\/imperiodacultura.com.br\/?product=a-verdadeira-origem-do-candomble-seus-orixas-e-suas-magias","title":{"rendered":"A VERDADEIRA ORIGEM DO CANDOMBL\u00c9, SEUS ORIX\u00c1S E SUAS MAGIAS"},"content":{"rendered":"<p>Constitui-se de um grande consultor no enriquecimento da cultura afro e est\u00e1 inclinado a sociologia e aos estudos dos problemas da vida m\u00edstica. Tudo sobre o candombl\u00e9, seus deuses, rituais, encantos e sua cultura.<img fetchpriority=\"high\" decoding=\"async\" class=\"alignnone size-medium wp-image-147\" src=\"http:\/\/imperiodacultura.com.br\/wp-content\/uploads\/2023\/06\/a_verdadeira_origem_do_candombl_seus_orix_s_e_suas_magias-250x300.jpg\" alt=\"\" width=\"250\" height=\"300\" srcset=\"https:\/\/imperiodacultura.com.br\/wp-content\/uploads\/2023\/06\/a_verdadeira_origem_do_candombl_seus_orix_s_e_suas_magias-250x300.jpg 250w, https:\/\/imperiodacultura.com.br\/wp-content\/uploads\/2023\/06\/a_verdadeira_origem_do_candombl_seus_orix_s_e_suas_magias-300x360.jpg 300w, https:\/\/imperiodacultura.com.br\/wp-content\/uploads\/2023\/06\/a_verdadeira_origem_do_candombl_seus_orix_s_e_suas_magias.jpg 500w\" sizes=\"(max-width: 250px) 100vw, 250px\" \/><\/p>\n","protected":false},"excerpt":{"rendered":"<p>Constitui-se de um grande consultor no enriquecimento da cultura afro e est\u00e1 inclinado a sociologia e aos estudos dos problemas da vida m\u00edstica. Tudo sobre o candombl\u00e9, seus deuses, rituais, encantos e sua cultura.<\/p>\n","protected":false},"featured_media":147,"comment_status":"open","ping_status":"closed","template":"","meta":[],"pwb-brand":[],"product_brand":[],"product_cat":[70],"product_tag":[],"class_list":{"0":"post-146","1":"product","2":"type-product","3":"status-publish","4":"has-post-thumbnail","6":"product_cat-candomble","8":"first","9":"outofstock","10":"shipping-taxable","11":"purchasable","12":"product-type-simple"},"jetpack_sharing_enabled":true,"brands":[],"_links":{"self":[{"href":"https:\/\/imperiodacultura.com.br\/index.php?rest_route=\/wp\/v2\/product\/146","targetHints":{"allow":["GET"]}}],"collection":[{"href":"https:\/\/imperiodacultura.com.br\/index.php?rest_route=\/wp\/v2\/product"}],"about":[{"href":"https:\/\/imperiodacultura.com.br\/index.php?rest_route=\/wp\/v2\/types\/product"}],"replies":[{"embeddable":true,"href":"https:\/\/imperiodacultura.com.br\/index.php?rest_route=%2Fwp%2Fv2%2Fcomments&post=146"}],"version-history":[{"count":1,"href":"https:\/\/imperiodacultura.com.br\/index.php?rest_route=\/wp\/v2\/product\/146\/revisions"}],"predecessor-version":[{"id":232,"href":"https:\/\/imperiodacultura.com.br\/index.php?rest_route=\/wp\/v2\/product\/146\/revisions\/232"}],"wp:featuredmedia":[{"embeddable":true,"href":"https:\/\/imperiodacultura.com.br\/index.php?rest_route=\/wp\/v2\/media\/147"}],"wp:attachment":[{"href":"https:\/\/imperiodacultura.com.br\/index.php?rest_route=%2Fwp%2Fv2%2Fmedia&parent=146"}],"wp:term":[{"taxonomy":"pwb-brand","embeddable":true,"href":"https:\/\/imperiodacultura.com.br\/index.php?rest_route=%2Fwp%2Fv2%2Fpwb-brand&post=146"},{"taxonomy":"product_brand","embeddable":true,"href":"https:\/\/imperiodacultura.com.br\/index.php?rest_route=%2Fwp%2Fv2%2Fproduct_brand&post=146"},{"taxonomy":"product_cat","embeddable":true,"href":"https:\/\/imperiodacultura.com.br\/index.php?rest_route=%2Fwp%2Fv2%2Fproduct_cat&post=146"},{"taxonomy":"product_tag","embeddable":true,"href":"https:\/\/imperiodacultura.com.br\/index.php?rest_route=%2Fwp%2Fv2%2Fproduct_tag&post=146"}],"curies":[{"name":"wp","href":"https:\/\/api.w.org\/{rel}","templated":true}]}}