{"id":144,"date":"2023-06-05T18:29:50","date_gmt":"2023-06-05T21:29:50","guid":{"rendered":"https:\/\/imperiodacultura.com.br\/?post_type=product&#038;p=144"},"modified":"2025-09-30T13:37:33","modified_gmt":"2025-09-30T16:37:33","slug":"a-lingua-dos-orixas","status":"publish","type":"product","link":"https:\/\/imperiodacultura.com.br\/?product=a-lingua-dos-orixas","title":{"rendered":"A L\u00cdNGUA DOS ORIX\u00c1S"},"content":{"rendered":"<div class=\" more edit-description\">Cont\u00e9m um minidicion\u00e1rio yorub\u00e1 x portugu\u00eas. O verdadeiro dialeto dos orix\u00e1s e suas tradu\u00e7\u00f5es em portugu\u00eas. Traz tamb\u00e9m variadas oferendas, eb\u00f3s e simpatias para todas as finalidades.<img fetchpriority=\"high\" decoding=\"async\" class=\"alignnone size-medium wp-image-145\" src=\"http:\/\/imperiodacultura.com.br\/wp-content\/uploads\/2023\/06\/a_lingua_dos_orix_s-250x300.jpg\" alt=\"\" width=\"250\" height=\"300\" srcset=\"https:\/\/imperiodacultura.com.br\/wp-content\/uploads\/2023\/06\/a_lingua_dos_orix_s-250x300.jpg 250w, https:\/\/imperiodacultura.com.br\/wp-content\/uploads\/2023\/06\/a_lingua_dos_orix_s-300x360.jpg 300w, https:\/\/imperiodacultura.com.br\/wp-content\/uploads\/2023\/06\/a_lingua_dos_orix_s.jpg 500w\" sizes=\"(max-width: 250px) 100vw, 250px\" \/><\/div>\n","protected":false},"excerpt":{"rendered":"<p>Cont\u00e9m um minidicion\u00e1rio yorub\u00e1 x portugu\u00eas. O verdadeiro dialeto dos orix\u00e1s e suas tradu\u00e7\u00f5es em portugu\u00eas. Traz tamb\u00e9m variadas oferendas, eb\u00f3s e simpatias para todas as finalidades.<\/p>\n","protected":false},"featured_media":145,"comment_status":"open","ping_status":"closed","template":"","meta":[],"pwb-brand":[],"product_brand":[],"product_cat":[70],"product_tag":[],"class_list":{"0":"post-144","1":"product","2":"type-product","3":"status-publish","4":"has-post-thumbnail","6":"product_cat-candomble","8":"first","9":"outofstock","10":"shipping-taxable","11":"purchasable","12":"product-type-simple"},"jetpack_sharing_enabled":true,"brands":[],"_links":{"self":[{"href":"https:\/\/imperiodacultura.com.br\/index.php?rest_route=\/wp\/v2\/product\/144","targetHints":{"allow":["GET"]}}],"collection":[{"href":"https:\/\/imperiodacultura.com.br\/index.php?rest_route=\/wp\/v2\/product"}],"about":[{"href":"https:\/\/imperiodacultura.com.br\/index.php?rest_route=\/wp\/v2\/types\/product"}],"replies":[{"embeddable":true,"href":"https:\/\/imperiodacultura.com.br\/index.php?rest_route=%2Fwp%2Fv2%2Fcomments&post=144"}],"version-history":[{"count":1,"href":"https:\/\/imperiodacultura.com.br\/index.php?rest_route=\/wp\/v2\/product\/144\/revisions"}],"predecessor-version":[{"id":218,"href":"https:\/\/imperiodacultura.com.br\/index.php?rest_route=\/wp\/v2\/product\/144\/revisions\/218"}],"wp:featuredmedia":[{"embeddable":true,"href":"https:\/\/imperiodacultura.com.br\/index.php?rest_route=\/wp\/v2\/media\/145"}],"wp:attachment":[{"href":"https:\/\/imperiodacultura.com.br\/index.php?rest_route=%2Fwp%2Fv2%2Fmedia&parent=144"}],"wp:term":[{"taxonomy":"pwb-brand","embeddable":true,"href":"https:\/\/imperiodacultura.com.br\/index.php?rest_route=%2Fwp%2Fv2%2Fpwb-brand&post=144"},{"taxonomy":"product_brand","embeddable":true,"href":"https:\/\/imperiodacultura.com.br\/index.php?rest_route=%2Fwp%2Fv2%2Fproduct_brand&post=144"},{"taxonomy":"product_cat","embeddable":true,"href":"https:\/\/imperiodacultura.com.br\/index.php?rest_route=%2Fwp%2Fv2%2Fproduct_cat&post=144"},{"taxonomy":"product_tag","embeddable":true,"href":"https:\/\/imperiodacultura.com.br\/index.php?rest_route=%2Fwp%2Fv2%2Fproduct_tag&post=144"}],"curies":[{"name":"wp","href":"https:\/\/api.w.org\/{rel}","templated":true}]}}