{"id":142,"date":"2023-06-05T18:24:33","date_gmt":"2023-06-05T21:24:33","guid":{"rendered":"https:\/\/imperiodacultura.com.br\/?post_type=product&#038;p=142"},"modified":"2025-01-24T06:25:51","modified_gmt":"2025-01-24T09:25:51","slug":"livro-de-ouro-dos-orixas","status":"publish","type":"product","link":"https:\/\/imperiodacultura.com.br\/?product=livro-de-ouro-dos-orixas","title":{"rendered":"Livro De Ouro Dos Orix\u00e1s"},"content":{"rendered":"<p>\u00c9 uma obra magn\u00edfica e minuciosa sobre a cultura do povo africano, onde s\u00e3o relatados os fundamentos hist\u00f3ricos e mitol\u00f3gicos, a discri\u00e7\u00f5es dos rituais da cultura africana. O livro \u00e9 um verdadeiro document\u00e1rio direcionado a Zeladores de Orix\u00e1s, Ekedis e Og\u00e3s.<img fetchpriority=\"high\" decoding=\"async\" class=\"alignnone size-medium wp-image-143\" src=\"http:\/\/imperiodacultura.com.br\/wp-content\/uploads\/2023\/06\/o_livro_de_ouro_dos_orix_s-250x300.jpg\" alt=\"\" width=\"250\" height=\"300\" srcset=\"https:\/\/imperiodacultura.com.br\/wp-content\/uploads\/2023\/06\/o_livro_de_ouro_dos_orix_s-250x300.jpg 250w, https:\/\/imperiodacultura.com.br\/wp-content\/uploads\/2023\/06\/o_livro_de_ouro_dos_orix_s-300x360.jpg 300w, https:\/\/imperiodacultura.com.br\/wp-content\/uploads\/2023\/06\/o_livro_de_ouro_dos_orix_s.jpg 500w\" sizes=\"(max-width: 250px) 100vw, 250px\" \/><\/p>\n","protected":false},"excerpt":{"rendered":"<p>\u00c9 uma obra magn\u00edfica e minuciosa sobre a cultura do povo africano, onde s\u00e3o relatados os fundamentos hist\u00f3ricos e mitol\u00f3gicos, a discri\u00e7\u00f5es dos rituais da cultura africana. O livro \u00e9 um verdadeiro document\u00e1rio direcionado a Zeladores de Orix\u00e1s, Ekedis e Og\u00e3s.<\/p>\n","protected":false},"featured_media":143,"comment_status":"open","ping_status":"closed","template":"","meta":[],"pwb-brand":[],"product_brand":[],"product_cat":[70],"product_tag":[],"class_list":{"0":"post-142","1":"product","2":"type-product","3":"status-publish","4":"has-post-thumbnail","6":"product_cat-candomble","8":"first","9":"outofstock","10":"shipping-taxable","11":"purchasable","12":"product-type-simple"},"jetpack_sharing_enabled":true,"brands":[],"_links":{"self":[{"href":"https:\/\/imperiodacultura.com.br\/index.php?rest_route=\/wp\/v2\/product\/142","targetHints":{"allow":["GET"]}}],"collection":[{"href":"https:\/\/imperiodacultura.com.br\/index.php?rest_route=\/wp\/v2\/product"}],"about":[{"href":"https:\/\/imperiodacultura.com.br\/index.php?rest_route=\/wp\/v2\/types\/product"}],"replies":[{"embeddable":true,"href":"https:\/\/imperiodacultura.com.br\/index.php?rest_route=%2Fwp%2Fv2%2Fcomments&post=142"}],"version-history":[{"count":1,"href":"https:\/\/imperiodacultura.com.br\/index.php?rest_route=\/wp\/v2\/product\/142\/revisions"}],"predecessor-version":[{"id":297,"href":"https:\/\/imperiodacultura.com.br\/index.php?rest_route=\/wp\/v2\/product\/142\/revisions\/297"}],"wp:featuredmedia":[{"embeddable":true,"href":"https:\/\/imperiodacultura.com.br\/index.php?rest_route=\/wp\/v2\/media\/143"}],"wp:attachment":[{"href":"https:\/\/imperiodacultura.com.br\/index.php?rest_route=%2Fwp%2Fv2%2Fmedia&parent=142"}],"wp:term":[{"taxonomy":"pwb-brand","embeddable":true,"href":"https:\/\/imperiodacultura.com.br\/index.php?rest_route=%2Fwp%2Fv2%2Fpwb-brand&post=142"},{"taxonomy":"product_brand","embeddable":true,"href":"https:\/\/imperiodacultura.com.br\/index.php?rest_route=%2Fwp%2Fv2%2Fproduct_brand&post=142"},{"taxonomy":"product_cat","embeddable":true,"href":"https:\/\/imperiodacultura.com.br\/index.php?rest_route=%2Fwp%2Fv2%2Fproduct_cat&post=142"},{"taxonomy":"product_tag","embeddable":true,"href":"https:\/\/imperiodacultura.com.br\/index.php?rest_route=%2Fwp%2Fv2%2Fproduct_tag&post=142"}],"curies":[{"name":"wp","href":"https:\/\/api.w.org\/{rel}","templated":true}]}}