{"id":124,"date":"2023-06-04T21:01:29","date_gmt":"2023-06-05T00:01:29","guid":{"rendered":"https:\/\/imperiodacultura.com.br\/?post_type=product&#038;p=124"},"modified":"2026-01-07T16:20:42","modified_gmt":"2026-01-07T19:20:42","slug":"a-sorte-atraves-dos-numeros-e-letras","status":"publish","type":"product","link":"https:\/\/imperiodacultura.com.br\/?product=a-sorte-atraves-dos-numeros-e-letras","title":{"rendered":"A Sorte Atrav\u00e9s dos N\u00fameros e Letras"},"content":{"rendered":"<p><strong><img fetchpriority=\"high\" decoding=\"async\" class=\"alignnone size-medium wp-image-138\" src=\"http:\/\/imperiodacultura.com.br\/wp-content\/uploads\/2023\/06\/a_sorte_atrav_s_de_n_meros_e_letras-1-250x300.jpg\" alt=\"\" width=\"250\" height=\"300\" srcset=\"https:\/\/imperiodacultura.com.br\/wp-content\/uploads\/2023\/06\/a_sorte_atrav_s_de_n_meros_e_letras-1-250x300.jpg 250w, https:\/\/imperiodacultura.com.br\/wp-content\/uploads\/2023\/06\/a_sorte_atrav_s_de_n_meros_e_letras-1-300x360.jpg 300w, https:\/\/imperiodacultura.com.br\/wp-content\/uploads\/2023\/06\/a_sorte_atrav_s_de_n_meros_e_letras-1.jpg 500w\" sizes=\"(max-width: 250px) 100vw, 250px\" \/>A Sorte Atrav\u00e9s de N\u00fameros e Letras<\/strong> traz interpreta\u00e7\u00e3o completa dos 78 n\u00fameros da numerologia e das 26 letras do alfabeto. Ensina a predizer o futuro, revela o segredo da for\u00e7a de cada n\u00famero e letra. Ensina como conquistar o sucesso e escolher o nome que lhe trar\u00e1 sorte.<\/p>\n","protected":false},"excerpt":{"rendered":"<p>A Sorte Atrav\u00e9s de N\u00fameros e Letras traz interpreta\u00e7\u00e3o completa dos 78 n\u00fameros da numerologia e das 26 letras do alfabeto. Ensina a predizer o futuro, revela o segredo da for\u00e7a de cada n\u00famero e letra. Ensina como conquistar o sucesso e escolher o nome que lhe trar\u00e1 sorte.<\/p>\n","protected":false},"featured_media":138,"comment_status":"open","ping_status":"closed","template":"","meta":[],"pwb-brand":[],"product_brand":[],"product_cat":[75],"product_tag":[68,69,67],"class_list":{"0":"post-124","1":"product","2":"type-product","3":"status-publish","4":"has-post-thumbnail","6":"product_cat-numerologia","7":"product_tag-jogos","8":"product_tag-letras","9":"product_tag-sorte","11":"first","12":"instock","13":"shipping-taxable","14":"purchasable","15":"product-type-simple"},"jetpack_sharing_enabled":true,"brands":[],"_links":{"self":[{"href":"https:\/\/imperiodacultura.com.br\/index.php?rest_route=\/wp\/v2\/product\/124","targetHints":{"allow":["GET"]}}],"collection":[{"href":"https:\/\/imperiodacultura.com.br\/index.php?rest_route=\/wp\/v2\/product"}],"about":[{"href":"https:\/\/imperiodacultura.com.br\/index.php?rest_route=\/wp\/v2\/types\/product"}],"replies":[{"embeddable":true,"href":"https:\/\/imperiodacultura.com.br\/index.php?rest_route=%2Fwp%2Fv2%2Fcomments&post=124"}],"version-history":[{"count":2,"href":"https:\/\/imperiodacultura.com.br\/index.php?rest_route=\/wp\/v2\/product\/124\/revisions"}],"predecessor-version":[{"id":242,"href":"https:\/\/imperiodacultura.com.br\/index.php?rest_route=\/wp\/v2\/product\/124\/revisions\/242"}],"wp:featuredmedia":[{"embeddable":true,"href":"https:\/\/imperiodacultura.com.br\/index.php?rest_route=\/wp\/v2\/media\/138"}],"wp:attachment":[{"href":"https:\/\/imperiodacultura.com.br\/index.php?rest_route=%2Fwp%2Fv2%2Fmedia&parent=124"}],"wp:term":[{"taxonomy":"pwb-brand","embeddable":true,"href":"https:\/\/imperiodacultura.com.br\/index.php?rest_route=%2Fwp%2Fv2%2Fpwb-brand&post=124"},{"taxonomy":"product_brand","embeddable":true,"href":"https:\/\/imperiodacultura.com.br\/index.php?rest_route=%2Fwp%2Fv2%2Fproduct_brand&post=124"},{"taxonomy":"product_cat","embeddable":true,"href":"https:\/\/imperiodacultura.com.br\/index.php?rest_route=%2Fwp%2Fv2%2Fproduct_cat&post=124"},{"taxonomy":"product_tag","embeddable":true,"href":"https:\/\/imperiodacultura.com.br\/index.php?rest_route=%2Fwp%2Fv2%2Fproduct_tag&post=124"}],"curies":[{"name":"wp","href":"https:\/\/api.w.org\/{rel}","templated":true}]}}