{"id":122,"date":"2023-06-04T20:59:29","date_gmt":"2023-06-04T23:59:29","guid":{"rendered":"https:\/\/imperiodacultura.com.br\/?post_type=product&#038;p=122"},"modified":"2026-01-07T16:20:58","modified_gmt":"2026-01-07T19:20:58","slug":"o-homem-sob-a-influencia-dos-orixas","status":"publish","type":"product","link":"https:\/\/imperiodacultura.com.br\/?product=o-homem-sob-a-influencia-dos-orixas","title":{"rendered":"O Homem Sob a Influ\u00eancia dos Orix\u00e1s"},"content":{"rendered":"<p><strong>O Homem sob a Influ\u00eancia dos Orix\u00e1s<\/strong>\u00a0descreve as caracter\u00edsticas de cada pessoa,de acordo com o seu orix\u00e1, do relacionamento entre pessoas sob a reg\u00eancia de orix\u00e1s diferentes e pessoas regidas pelo mesmo orix\u00e1!<br \/>\nConhe\u00e7a os orix\u00e1s que combinam com o seu, para relacionamentos amorosos, de amizades e neg\u00f3cios!<br \/>\nRetrata as caracter\u00edsticas de cada pessoa, de acordo com seu orix\u00e1, esclarecimento sobre o lado negativo e lado positivo do homem sob a influ\u00eancia de seu orix\u00e1.<img fetchpriority=\"high\" decoding=\"async\" class=\"alignnone size-medium wp-image-123\" src=\"http:\/\/imperiodacultura-com-br.preview-domain.com\/wp-content\/uploads\/2023\/06\/o_homem_sob_a_influ_ncia_dos_orix_s-250x300.jpg\" alt=\"\" width=\"250\" height=\"300\" srcset=\"https:\/\/imperiodacultura.com.br\/wp-content\/uploads\/2023\/06\/o_homem_sob_a_influ_ncia_dos_orix_s-250x300.jpg 250w, https:\/\/imperiodacultura.com.br\/wp-content\/uploads\/2023\/06\/o_homem_sob_a_influ_ncia_dos_orix_s-300x360.jpg 300w, https:\/\/imperiodacultura.com.br\/wp-content\/uploads\/2023\/06\/o_homem_sob_a_influ_ncia_dos_orix_s.jpg 500w\" sizes=\"(max-width: 250px) 100vw, 250px\" \/><\/p>\n","protected":false},"excerpt":{"rendered":"<p>O Homem sob a Influ\u00eancia dos Orix\u00e1s\u00a0descreve as caracter\u00edsticas de cada pessoa,de acordo com o seu orix\u00e1, do relacionamento entre pessoas sob a reg\u00eancia de orix\u00e1s diferentes e pessoas regidas pelo mesmo orix\u00e1! Conhe\u00e7a os orix\u00e1s que combinam com o seu, para relacionamentos amorosos, de amizades e neg\u00f3cios! Retrata as caracter\u00edsticas de cada pessoa, de acordo com seu orix\u00e1, esclarecimento sobre o lado negativo e lado positivo do homem sob a influ\u00eancia de seu orix\u00e1.<\/p>\n","protected":false},"featured_media":123,"comment_status":"open","ping_status":"closed","template":"","meta":[],"pwb-brand":[],"product_brand":[],"product_cat":[70],"product_tag":[22,36,18,34,29,28,35,27,42,30,23,20,25,32,33],"class_list":{"0":"post-122","1":"product","2":"type-product","3":"status-publish","4":"has-post-thumbnail","6":"product_cat-candomble","7":"product_tag-amor","8":"product_tag-buzios","9":"product_tag-candomble","10":"product_tag-dinheiro","11":"product_tag-exu-orixas","12":"product_tag-feiticos","13":"product_tag-magias","14":"product_tag-odus","15":"product_tag-oferenda","16":"product_tag-rezas","17":"product_tag-saude","18":"product_tag-trabalho","19":"product_tag-umbanda","20":"product_tag-uniao","21":"product_tag-yoruba","23":"first","24":"instock","25":"shipping-taxable","26":"purchasable","27":"product-type-simple"},"jetpack_sharing_enabled":true,"brands":[],"_links":{"self":[{"href":"https:\/\/imperiodacultura.com.br\/index.php?rest_route=\/wp\/v2\/product\/122","targetHints":{"allow":["GET"]}}],"collection":[{"href":"https:\/\/imperiodacultura.com.br\/index.php?rest_route=\/wp\/v2\/product"}],"about":[{"href":"https:\/\/imperiodacultura.com.br\/index.php?rest_route=\/wp\/v2\/types\/product"}],"replies":[{"embeddable":true,"href":"https:\/\/imperiodacultura.com.br\/index.php?rest_route=%2Fwp%2Fv2%2Fcomments&post=122"}],"version-history":[{"count":1,"href":"https:\/\/imperiodacultura.com.br\/index.php?rest_route=\/wp\/v2\/product\/122\/revisions"}],"predecessor-version":[{"id":243,"href":"https:\/\/imperiodacultura.com.br\/index.php?rest_route=\/wp\/v2\/product\/122\/revisions\/243"}],"wp:featuredmedia":[{"embeddable":true,"href":"https:\/\/imperiodacultura.com.br\/index.php?rest_route=\/wp\/v2\/media\/123"}],"wp:attachment":[{"href":"https:\/\/imperiodacultura.com.br\/index.php?rest_route=%2Fwp%2Fv2%2Fmedia&parent=122"}],"wp:term":[{"taxonomy":"pwb-brand","embeddable":true,"href":"https:\/\/imperiodacultura.com.br\/index.php?rest_route=%2Fwp%2Fv2%2Fpwb-brand&post=122"},{"taxonomy":"product_brand","embeddable":true,"href":"https:\/\/imperiodacultura.com.br\/index.php?rest_route=%2Fwp%2Fv2%2Fproduct_brand&post=122"},{"taxonomy":"product_cat","embeddable":true,"href":"https:\/\/imperiodacultura.com.br\/index.php?rest_route=%2Fwp%2Fv2%2Fproduct_cat&post=122"},{"taxonomy":"product_tag","embeddable":true,"href":"https:\/\/imperiodacultura.com.br\/index.php?rest_route=%2Fwp%2Fv2%2Fproduct_tag&post=122"}],"curies":[{"name":"wp","href":"https:\/\/api.w.org\/{rel}","templated":true}]}}