{"id":120,"date":"2023-06-04T20:57:03","date_gmt":"2023-06-04T23:57:03","guid":{"rendered":"https:\/\/imperiodacultura.com.br\/?post_type=product&#038;p=120"},"modified":"2023-08-20T19:08:52","modified_gmt":"2023-08-20T22:08:52","slug":"como-desmanchar-feiticos-e-obter-prosperidade","status":"publish","type":"product","link":"https:\/\/imperiodacultura.com.br\/?product=como-desmanchar-feiticos-e-obter-prosperidade","title":{"rendered":"Como Desmanchar Feiti\u00e7os e Obter Prosperidade"},"content":{"rendered":"<p><strong>Como Desmanchar Feiti\u00e7os e obter prosperidade<\/strong>\u00a0\u00e9 um livro completo sobre como voc\u00ea mesmo pode desmanchar os feiti\u00e7os que atrasam sua vida, fecham seus caminhos, atrapalham sua vida amorosa, sua sa\u00fade e etc&#8230;, obtendo prosperidade!\u00a0S\u00e3o mais de 100 receitas de eb\u00f3s, oferendas e banhos, detalhadamente explicadas!<img fetchpriority=\"high\" decoding=\"async\" class=\"alignnone size-medium wp-image-121\" src=\"http:\/\/imperiodacultura-com-br.preview-domain.com\/wp-content\/uploads\/2023\/06\/como_desmanchar_feiti_os_e_obter_prosperidade-250x300.jpg\" alt=\"\" width=\"250\" height=\"300\" srcset=\"https:\/\/imperiodacultura.com.br\/wp-content\/uploads\/2023\/06\/como_desmanchar_feiti_os_e_obter_prosperidade-250x300.jpg 250w, https:\/\/imperiodacultura.com.br\/wp-content\/uploads\/2023\/06\/como_desmanchar_feiti_os_e_obter_prosperidade-300x360.jpg 300w, https:\/\/imperiodacultura.com.br\/wp-content\/uploads\/2023\/06\/como_desmanchar_feiti_os_e_obter_prosperidade.jpg 500w\" sizes=\"(max-width: 250px) 100vw, 250px\" \/><\/p>\n","protected":false},"excerpt":{"rendered":"<p>Como Desmanchar Feiti\u00e7os e obter prosperidade\u00a0\u00e9 um livro completo sobre como voc\u00ea mesmo pode desmanchar os feiti\u00e7os que atrasam sua vida, fecham seus caminhos, atrapalham sua vida amorosa, sua sa\u00fade e etc&#8230;, obtendo prosperidade!\u00a0S\u00e3o mais de 100 receitas de eb\u00f3s, oferendas e banhos, detalhadamente explicadas!<\/p>\n","protected":false},"featured_media":121,"comment_status":"open","ping_status":"closed","template":"","meta":[],"pwb-brand":[],"product_brand":[],"product_cat":[70],"product_tag":[22,36,18,34,29,28,35,27,42,30,23,20,25,32,33],"class_list":{"0":"post-120","1":"product","2":"type-product","3":"status-publish","4":"has-post-thumbnail","6":"product_cat-candomble","7":"product_tag-amor","8":"product_tag-buzios","9":"product_tag-candomble","10":"product_tag-dinheiro","11":"product_tag-exu-orixas","12":"product_tag-feiticos","13":"product_tag-magias","14":"product_tag-odus","15":"product_tag-oferenda","16":"product_tag-rezas","17":"product_tag-saude","18":"product_tag-trabalho","19":"product_tag-umbanda","20":"product_tag-uniao","21":"product_tag-yoruba","23":"first","24":"outofstock","25":"shipping-taxable","26":"purchasable","27":"product-type-simple"},"jetpack_sharing_enabled":true,"brands":[],"_links":{"self":[{"href":"https:\/\/imperiodacultura.com.br\/index.php?rest_route=\/wp\/v2\/product\/120","targetHints":{"allow":["GET"]}}],"collection":[{"href":"https:\/\/imperiodacultura.com.br\/index.php?rest_route=\/wp\/v2\/product"}],"about":[{"href":"https:\/\/imperiodacultura.com.br\/index.php?rest_route=\/wp\/v2\/types\/product"}],"replies":[{"embeddable":true,"href":"https:\/\/imperiodacultura.com.br\/index.php?rest_route=%2Fwp%2Fv2%2Fcomments&post=120"}],"version-history":[{"count":1,"href":"https:\/\/imperiodacultura.com.br\/index.php?rest_route=\/wp\/v2\/product\/120\/revisions"}],"predecessor-version":[{"id":244,"href":"https:\/\/imperiodacultura.com.br\/index.php?rest_route=\/wp\/v2\/product\/120\/revisions\/244"}],"wp:featuredmedia":[{"embeddable":true,"href":"https:\/\/imperiodacultura.com.br\/index.php?rest_route=\/wp\/v2\/media\/121"}],"wp:attachment":[{"href":"https:\/\/imperiodacultura.com.br\/index.php?rest_route=%2Fwp%2Fv2%2Fmedia&parent=120"}],"wp:term":[{"taxonomy":"pwb-brand","embeddable":true,"href":"https:\/\/imperiodacultura.com.br\/index.php?rest_route=%2Fwp%2Fv2%2Fpwb-brand&post=120"},{"taxonomy":"product_brand","embeddable":true,"href":"https:\/\/imperiodacultura.com.br\/index.php?rest_route=%2Fwp%2Fv2%2Fproduct_brand&post=120"},{"taxonomy":"product_cat","embeddable":true,"href":"https:\/\/imperiodacultura.com.br\/index.php?rest_route=%2Fwp%2Fv2%2Fproduct_cat&post=120"},{"taxonomy":"product_tag","embeddable":true,"href":"https:\/\/imperiodacultura.com.br\/index.php?rest_route=%2Fwp%2Fv2%2Fproduct_tag&post=120"}],"curies":[{"name":"wp","href":"https:\/\/api.w.org\/{rel}","templated":true}]}}