{"id":118,"date":"2023-06-04T20:54:28","date_gmt":"2023-06-04T23:54:28","guid":{"rendered":"https:\/\/imperiodacultura.com.br\/?post_type=product&#038;p=118"},"modified":"2026-01-07T16:21:25","modified_gmt":"2026-01-07T19:21:25","slug":"canticos-em-louvor-a-exu-e-pomba-gira","status":"publish","type":"product","link":"https:\/\/imperiodacultura.com.br\/?product=canticos-em-louvor-a-exu-e-pomba-gira","title":{"rendered":"C\u00e2nticos em Louvor a Ex\u00fa e Pomba-Gira"},"content":{"rendered":"<p><strong>C\u00e2nticos em Louvor a Exu e Pombogira<\/strong>\u00a0relaciona cantiga para Exus e Pombogiras, que s\u00e3o preces ou invoca\u00e7\u00f5es das falanges. Representam for\u00e7as falangistas que s\u00e3o usadas para os trabalhos.<img fetchpriority=\"high\" decoding=\"async\" class=\"alignnone size-medium wp-image-119\" src=\"http:\/\/imperiodacultura-com-br.preview-domain.com\/wp-content\/uploads\/2023\/06\/c_nticos_em_louvor_a_exu_e_pombogira-250x300.jpg\" alt=\"\" width=\"250\" height=\"300\" srcset=\"https:\/\/imperiodacultura.com.br\/wp-content\/uploads\/2023\/06\/c_nticos_em_louvor_a_exu_e_pombogira-250x300.jpg 250w, https:\/\/imperiodacultura.com.br\/wp-content\/uploads\/2023\/06\/c_nticos_em_louvor_a_exu_e_pombogira-300x360.jpg 300w, https:\/\/imperiodacultura.com.br\/wp-content\/uploads\/2023\/06\/c_nticos_em_louvor_a_exu_e_pombogira.jpg 500w\" sizes=\"(max-width: 250px) 100vw, 250px\" \/><\/p>\n","protected":false},"excerpt":{"rendered":"<p>C\u00e2nticos em Louvor a Exu e Pombogira\u00a0relaciona cantiga para Exus e Pombogiras, que s\u00e3o preces ou invoca\u00e7\u00f5es das falanges. Representam for\u00e7as falangistas que s\u00e3o usadas para os trabalhos.<\/p>\n","protected":false},"featured_media":119,"comment_status":"open","ping_status":"closed","template":"","meta":[],"pwb-brand":[],"product_brand":[],"product_cat":[70],"product_tag":[22,18,66,28,27,25],"class_list":{"0":"post-118","1":"product","2":"type-product","3":"status-publish","4":"has-post-thumbnail","6":"product_cat-candomble","7":"product_tag-amor","8":"product_tag-candomble","9":"product_tag-exu","10":"product_tag-feiticos","11":"product_tag-odus","12":"product_tag-umbanda","14":"first","15":"instock","16":"shipping-taxable","17":"purchasable","18":"product-type-simple"},"jetpack_sharing_enabled":true,"brands":[],"_links":{"self":[{"href":"https:\/\/imperiodacultura.com.br\/index.php?rest_route=\/wp\/v2\/product\/118","targetHints":{"allow":["GET"]}}],"collection":[{"href":"https:\/\/imperiodacultura.com.br\/index.php?rest_route=\/wp\/v2\/product"}],"about":[{"href":"https:\/\/imperiodacultura.com.br\/index.php?rest_route=\/wp\/v2\/types\/product"}],"replies":[{"embeddable":true,"href":"https:\/\/imperiodacultura.com.br\/index.php?rest_route=%2Fwp%2Fv2%2Fcomments&post=118"}],"version-history":[{"count":1,"href":"https:\/\/imperiodacultura.com.br\/index.php?rest_route=\/wp\/v2\/product\/118\/revisions"}],"predecessor-version":[{"id":245,"href":"https:\/\/imperiodacultura.com.br\/index.php?rest_route=\/wp\/v2\/product\/118\/revisions\/245"}],"wp:featuredmedia":[{"embeddable":true,"href":"https:\/\/imperiodacultura.com.br\/index.php?rest_route=\/wp\/v2\/media\/119"}],"wp:attachment":[{"href":"https:\/\/imperiodacultura.com.br\/index.php?rest_route=%2Fwp%2Fv2%2Fmedia&parent=118"}],"wp:term":[{"taxonomy":"pwb-brand","embeddable":true,"href":"https:\/\/imperiodacultura.com.br\/index.php?rest_route=%2Fwp%2Fv2%2Fpwb-brand&post=118"},{"taxonomy":"product_brand","embeddable":true,"href":"https:\/\/imperiodacultura.com.br\/index.php?rest_route=%2Fwp%2Fv2%2Fproduct_brand&post=118"},{"taxonomy":"product_cat","embeddable":true,"href":"https:\/\/imperiodacultura.com.br\/index.php?rest_route=%2Fwp%2Fv2%2Fproduct_cat&post=118"},{"taxonomy":"product_tag","embeddable":true,"href":"https:\/\/imperiodacultura.com.br\/index.php?rest_route=%2Fwp%2Fv2%2Fproduct_tag&post=118"}],"curies":[{"name":"wp","href":"https:\/\/api.w.org\/{rel}","templated":true}]}}