{"id":116,"date":"2023-06-04T20:51:45","date_gmt":"2023-06-04T23:51:45","guid":{"rendered":"https:\/\/imperiodacultura.com.br\/?post_type=product&#038;p=116"},"modified":"2023-06-28T08:47:58","modified_gmt":"2023-06-28T11:47:58","slug":"canticos-dcandomble-em-louvor-aos-orixas","status":"publish","type":"product","link":"https:\/\/imperiodacultura.com.br\/?product=canticos-dcandomble-em-louvor-aos-orixas","title":{"rendered":"C\u00e2nticos d&#8217;Candombl\u00e9 em Louvor aos Orix\u00e1s"},"content":{"rendered":"<p><strong>C\u00e2nticos D&#8217;Candombl\u00e9 em Louvor aos Orix\u00e1s<\/strong>\u00a0traz rela\u00e7\u00e3o de c\u00e2nticos\u00a0do candombl\u00e9 em Yorub\u00e1,\u00a0em louvor aos Orix\u00e1s<img fetchpriority=\"high\" decoding=\"async\" class=\"alignnone size-medium wp-image-117\" src=\"http:\/\/imperiodacultura-com-br.preview-domain.com\/wp-content\/uploads\/2023\/06\/c_nticos_d_candombl_em_louvor_aos_orix_s-250x300.jpg\" alt=\"\" width=\"250\" height=\"300\" srcset=\"https:\/\/imperiodacultura.com.br\/wp-content\/uploads\/2023\/06\/c_nticos_d_candombl_em_louvor_aos_orix_s-250x300.jpg 250w, https:\/\/imperiodacultura.com.br\/wp-content\/uploads\/2023\/06\/c_nticos_d_candombl_em_louvor_aos_orix_s-300x360.jpg 300w, https:\/\/imperiodacultura.com.br\/wp-content\/uploads\/2023\/06\/c_nticos_d_candombl_em_louvor_aos_orix_s.jpg 500w\" sizes=\"(max-width: 250px) 100vw, 250px\" \/><\/p>\n","protected":false},"excerpt":{"rendered":"<p>C\u00e2nticos D&#8217;Candombl\u00e9 em Louvor aos Orix\u00e1s\u00a0traz rela\u00e7\u00e3o de c\u00e2nticos\u00a0do candombl\u00e9 em Yorub\u00e1,\u00a0em louvor aos Orix\u00e1s<\/p>\n","protected":false},"featured_media":117,"comment_status":"open","ping_status":"closed","template":"","meta":[],"pwb-brand":[],"product_brand":[],"product_cat":[70],"product_tag":[22,65,29,25],"class_list":{"0":"post-116","1":"product","2":"type-product","3":"status-publish","4":"has-post-thumbnail","6":"product_cat-candomble","7":"product_tag-amor","8":"product_tag-andomble","9":"product_tag-exu-orixas","10":"product_tag-umbanda","12":"first","13":"instock","14":"shipping-taxable","15":"purchasable","16":"product-type-simple"},"jetpack_sharing_enabled":true,"brands":[],"_links":{"self":[{"href":"https:\/\/imperiodacultura.com.br\/index.php?rest_route=\/wp\/v2\/product\/116","targetHints":{"allow":["GET"]}}],"collection":[{"href":"https:\/\/imperiodacultura.com.br\/index.php?rest_route=\/wp\/v2\/product"}],"about":[{"href":"https:\/\/imperiodacultura.com.br\/index.php?rest_route=\/wp\/v2\/types\/product"}],"replies":[{"embeddable":true,"href":"https:\/\/imperiodacultura.com.br\/index.php?rest_route=%2Fwp%2Fv2%2Fcomments&post=116"}],"version-history":[{"count":0,"href":"https:\/\/imperiodacultura.com.br\/index.php?rest_route=\/wp\/v2\/product\/116\/revisions"}],"wp:featuredmedia":[{"embeddable":true,"href":"https:\/\/imperiodacultura.com.br\/index.php?rest_route=\/wp\/v2\/media\/117"}],"wp:attachment":[{"href":"https:\/\/imperiodacultura.com.br\/index.php?rest_route=%2Fwp%2Fv2%2Fmedia&parent=116"}],"wp:term":[{"taxonomy":"pwb-brand","embeddable":true,"href":"https:\/\/imperiodacultura.com.br\/index.php?rest_route=%2Fwp%2Fv2%2Fpwb-brand&post=116"},{"taxonomy":"product_brand","embeddable":true,"href":"https:\/\/imperiodacultura.com.br\/index.php?rest_route=%2Fwp%2Fv2%2Fproduct_brand&post=116"},{"taxonomy":"product_cat","embeddable":true,"href":"https:\/\/imperiodacultura.com.br\/index.php?rest_route=%2Fwp%2Fv2%2Fproduct_cat&post=116"},{"taxonomy":"product_tag","embeddable":true,"href":"https:\/\/imperiodacultura.com.br\/index.php?rest_route=%2Fwp%2Fv2%2Fproduct_tag&post=116"}],"curies":[{"name":"wp","href":"https:\/\/api.w.org\/{rel}","templated":true}]}}