{"id":110,"date":"2023-06-04T20:45:09","date_gmt":"2023-06-04T23:45:09","guid":{"rendered":"https:\/\/imperiodacultura.com.br\/?post_type=product&#038;p=110"},"modified":"2026-03-15T01:39:22","modified_gmt":"2026-03-15T04:39:22","slug":"a-religiao-dos-orixas","status":"publish","type":"product","link":"https:\/\/imperiodacultura.com.br\/?product=a-religiao-dos-orixas","title":{"rendered":"A Religi\u00e3o dos Orix\u00e1s"},"content":{"rendered":"<p><strong>A Religi\u00e3o dos orix\u00e1s<\/strong>\u00a0\u00e9 uma\u00a0obra inclinada \u00e0 sociologia dos cultos afro-brasileiras e seus orix\u00e1s,\u00a0ao estudo dos problemas da vida m\u00edstica, que encontrou no Brasil amplo ambiente para observa\u00e7\u00f5es e reflex\u00f5es de seu gosto.<img fetchpriority=\"high\" decoding=\"async\" class=\"alignnone size-medium wp-image-111\" src=\"http:\/\/imperiodacultura-com-br.preview-domain.com\/wp-content\/uploads\/2023\/06\/a_religi_o_dos_orix_s-250x300.jpg\" alt=\"\" width=\"250\" height=\"300\" srcset=\"https:\/\/imperiodacultura.com.br\/wp-content\/uploads\/2023\/06\/a_religi_o_dos_orix_s-250x300.jpg 250w, https:\/\/imperiodacultura.com.br\/wp-content\/uploads\/2023\/06\/a_religi_o_dos_orix_s-300x360.jpg 300w, https:\/\/imperiodacultura.com.br\/wp-content\/uploads\/2023\/06\/a_religi_o_dos_orix_s.jpg 500w\" sizes=\"(max-width: 250px) 100vw, 250px\" \/><\/p>\n","protected":false},"excerpt":{"rendered":"<p>A Religi\u00e3o dos orix\u00e1s\u00a0\u00e9 uma\u00a0obra inclinada \u00e0 sociologia dos cultos afro-brasileiras e seus orix\u00e1s,\u00a0ao estudo dos problemas da vida m\u00edstica, que encontrou no Brasil amplo ambiente para observa\u00e7\u00f5es e reflex\u00f5es de seu gosto.<\/p>\n","protected":false},"featured_media":111,"comment_status":"open","ping_status":"closed","template":"","meta":[],"pwb-brand":[],"product_brand":[],"product_cat":[70],"product_tag":[64,24,63],"class_list":{"0":"post-110","1":"product","2":"type-product","3":"status-publish","4":"has-post-thumbnail","6":"product_cat-candomble","7":"product_tag-cultos","8":"product_tag-orixas","9":"product_tag-sociologia","11":"first","12":"instock","13":"shipping-taxable","14":"purchasable","15":"product-type-simple"},"jetpack_sharing_enabled":true,"brands":[],"_links":{"self":[{"href":"https:\/\/imperiodacultura.com.br\/index.php?rest_route=\/wp\/v2\/product\/110","targetHints":{"allow":["GET"]}}],"collection":[{"href":"https:\/\/imperiodacultura.com.br\/index.php?rest_route=\/wp\/v2\/product"}],"about":[{"href":"https:\/\/imperiodacultura.com.br\/index.php?rest_route=\/wp\/v2\/types\/product"}],"replies":[{"embeddable":true,"href":"https:\/\/imperiodacultura.com.br\/index.php?rest_route=%2Fwp%2Fv2%2Fcomments&post=110"}],"version-history":[{"count":1,"href":"https:\/\/imperiodacultura.com.br\/index.php?rest_route=\/wp\/v2\/product\/110\/revisions"}],"predecessor-version":[{"id":248,"href":"https:\/\/imperiodacultura.com.br\/index.php?rest_route=\/wp\/v2\/product\/110\/revisions\/248"}],"wp:featuredmedia":[{"embeddable":true,"href":"https:\/\/imperiodacultura.com.br\/index.php?rest_route=\/wp\/v2\/media\/111"}],"wp:attachment":[{"href":"https:\/\/imperiodacultura.com.br\/index.php?rest_route=%2Fwp%2Fv2%2Fmedia&parent=110"}],"wp:term":[{"taxonomy":"pwb-brand","embeddable":true,"href":"https:\/\/imperiodacultura.com.br\/index.php?rest_route=%2Fwp%2Fv2%2Fpwb-brand&post=110"},{"taxonomy":"product_brand","embeddable":true,"href":"https:\/\/imperiodacultura.com.br\/index.php?rest_route=%2Fwp%2Fv2%2Fproduct_brand&post=110"},{"taxonomy":"product_cat","embeddable":true,"href":"https:\/\/imperiodacultura.com.br\/index.php?rest_route=%2Fwp%2Fv2%2Fproduct_cat&post=110"},{"taxonomy":"product_tag","embeddable":true,"href":"https:\/\/imperiodacultura.com.br\/index.php?rest_route=%2Fwp%2Fv2%2Fproduct_tag&post=110"}],"curies":[{"name":"wp","href":"https:\/\/api.w.org\/{rel}","templated":true}]}}