{"id":108,"date":"2023-06-04T20:41:32","date_gmt":"2023-06-04T23:41:32","guid":{"rendered":"https:\/\/imperiodacultura.com.br\/?post_type=product&#038;p=108"},"modified":"2026-03-15T01:39:04","modified_gmt":"2026-03-15T04:39:04","slug":"a-influencia-dos-astros-em-sua-vida","status":"publish","type":"product","link":"https:\/\/imperiodacultura.com.br\/?product=a-influencia-dos-astros-em-sua-vida","title":{"rendered":"A Influ\u00eancia dos Astros em sua Vida"},"content":{"rendered":"<p><strong>A Influ\u00eancia dos astros em sua vida<\/strong>\u00a0mostra todos os signos do zod\u00edaco, com habilidade e not\u00e1vel precis\u00e3o, como conhecer a pessoa sob cada signo, bem como o que esperar de cada uma delas.<img fetchpriority=\"high\" decoding=\"async\" class=\"alignnone size-medium wp-image-109\" src=\"http:\/\/imperiodacultura-com-br.preview-domain.com\/wp-content\/uploads\/2023\/06\/22788727_1107958096006406_4073517974098358988_n-250x300.jpg\" alt=\"\" width=\"250\" height=\"300\" srcset=\"https:\/\/imperiodacultura.com.br\/wp-content\/uploads\/2023\/06\/22788727_1107958096006406_4073517974098358988_n-250x300.jpg 250w, https:\/\/imperiodacultura.com.br\/wp-content\/uploads\/2023\/06\/22788727_1107958096006406_4073517974098358988_n-300x360.jpg 300w, https:\/\/imperiodacultura.com.br\/wp-content\/uploads\/2023\/06\/22788727_1107958096006406_4073517974098358988_n.jpg 500w\" sizes=\"(max-width: 250px) 100vw, 250px\" \/><\/p>\n","protected":false},"excerpt":{"rendered":"<p>A Influ\u00eancia dos astros em sua vida\u00a0mostra todos os signos do zod\u00edaco, com habilidade e not\u00e1vel precis\u00e3o, como conhecer a pessoa sob cada signo, bem como o que esperar de cada uma delas.<\/p>\n","protected":false},"featured_media":123,"comment_status":"open","ping_status":"closed","template":"","meta":[],"pwb-brand":[],"product_brand":[],"product_cat":[74],"product_tag":[62,58,60,59,61],"class_list":{"0":"post-108","1":"product","2":"type-product","3":"status-publish","4":"has-post-thumbnail","6":"product_cat-astrologia","7":"product_tag-astro","8":"product_tag-horoscopo","9":"product_tag-influencia","10":"product_tag-signos","11":"product_tag-zodiaco","13":"first","14":"instock","15":"shipping-taxable","16":"purchasable","17":"product-type-simple"},"jetpack_sharing_enabled":true,"brands":[],"_links":{"self":[{"href":"https:\/\/imperiodacultura.com.br\/index.php?rest_route=\/wp\/v2\/product\/108","targetHints":{"allow":["GET"]}}],"collection":[{"href":"https:\/\/imperiodacultura.com.br\/index.php?rest_route=\/wp\/v2\/product"}],"about":[{"href":"https:\/\/imperiodacultura.com.br\/index.php?rest_route=\/wp\/v2\/types\/product"}],"replies":[{"embeddable":true,"href":"https:\/\/imperiodacultura.com.br\/index.php?rest_route=%2Fwp%2Fv2%2Fcomments&post=108"}],"version-history":[{"count":1,"href":"https:\/\/imperiodacultura.com.br\/index.php?rest_route=\/wp\/v2\/product\/108\/revisions"}],"predecessor-version":[{"id":249,"href":"https:\/\/imperiodacultura.com.br\/index.php?rest_route=\/wp\/v2\/product\/108\/revisions\/249"}],"wp:featuredmedia":[{"embeddable":true,"href":"https:\/\/imperiodacultura.com.br\/index.php?rest_route=\/wp\/v2\/media\/123"}],"wp:attachment":[{"href":"https:\/\/imperiodacultura.com.br\/index.php?rest_route=%2Fwp%2Fv2%2Fmedia&parent=108"}],"wp:term":[{"taxonomy":"pwb-brand","embeddable":true,"href":"https:\/\/imperiodacultura.com.br\/index.php?rest_route=%2Fwp%2Fv2%2Fpwb-brand&post=108"},{"taxonomy":"product_brand","embeddable":true,"href":"https:\/\/imperiodacultura.com.br\/index.php?rest_route=%2Fwp%2Fv2%2Fproduct_brand&post=108"},{"taxonomy":"product_cat","embeddable":true,"href":"https:\/\/imperiodacultura.com.br\/index.php?rest_route=%2Fwp%2Fv2%2Fproduct_cat&post=108"},{"taxonomy":"product_tag","embeddable":true,"href":"https:\/\/imperiodacultura.com.br\/index.php?rest_route=%2Fwp%2Fv2%2Fproduct_tag&post=108"}],"curies":[{"name":"wp","href":"https:\/\/api.w.org\/{rel}","templated":true}]}}